{"id":641,"date":"2022-04-04T16:22:23","date_gmt":"2022-04-04T14:22:23","guid":{"rendered":"https:\/\/roulettes.vaniseo.top\/index.php\/produit\/patere-en-bois-noir-a-4-crochets-sur-fond-ecailles-dorees\/"},"modified":"2022-04-04T17:22:53","modified_gmt":"2022-04-04T15:22:53","slug":"patere-en-bois-noir-a-4-crochets-sur-fond-ecailles-dorees","status":"publish","type":"product","link":"https:\/\/roulettes.vaniseo.top\/index.php\/produit\/patere-en-bois-noir-a-4-crochets-sur-fond-ecailles-dorees\/","title":{"rendered":"Pat\u00e8re en bois noir \u00e0 4 crochets sur fond \u00e9cailles dor\u00e9es"},"content":{"rendered":"<h3>Porte manteau bois noir sur fond d&rsquo;\u00e9cailles dor\u00e9es NESU<\/h3>\n<p>_x000D_n<strong>1001 Pat\u00e8res<\/strong>\u00a0a \u00e0 coeur de\u00a0<strong>varier les plaisirs, avec un large choix de styles<\/strong>\u00a0de porte manteaux. C\u2019est d\u2019ailleurs le n\u00b01 en France de la vente en ligne de pat\u00e8res. Ici, d\u00e9couvrez une r\u00e9f\u00e9rence de la marque <a href=\"https:\/\/1001pateres.com\/brand\/nesu\/\">NESU<\/a>. Avec plus d\u2019une cinquantaine de r\u00e9f\u00e9rences, Nesu offre des design pour toute la famille et toutes les pi\u00e8ces de la maison. Ici, il s\u2019agit de la <strong>pat\u00e8re en bois noir \u00e0 4 crochets sur fond \u00e9cailles dor\u00e9es<\/strong>._x000D_n_x000D_nComme vous le constaterez, chez NESU, il s\u2019agit souvent d&rsquo;une m\u00eame ligne directrice: un support rectangulaire en bois ou en <a href=\"https:\/\/1001pateres.com\/produit\/porte-manteau-rose-4-crochets-porcelaine-kokeshi\/\">m\u00e9tal<\/a>, plus ou moins d\u00e9cor\u00e9, avec 4 crochets. Ainsi, dans l\u2019esprit patchwork, <strong>NESU<\/strong> a aussi d\u00e9sign\u00e9 les r\u00e9f\u00e9rences suivantes de pat\u00e8re bois:_x000D_n<\/p>\n<ul>_x000D_n \t<\/p>\n<li class=\"product_title\"><a href=\"https:\/\/1001pateres.com\/produit\/patere-bois-vieilli-4-crochets-cantonniere\/\">M\u00e9tal vieillis 4 crochets cantonni\u00e8re<\/a><\/li>\n<p>_x000D_n \t<\/p>\n<li><a href=\"https:\/\/1001pateres.com\/produit\/patere-4-crochets-dores-sur-fond-feuilles-dorees\/\">A 4 crochets dor\u00e9s sur fond feuilles dor\u00e9es<\/a><\/li>\n<p>_x000D_n \t<\/p>\n<li>_x000D_n\n<p class=\"product_title\"><a href=\"https:\/\/1001pateres.com\/produit\/patere-bois-feuilles-sur-fond-violet\/\">Feuilles sur fond violet<\/a><\/p>\n<p>_x000D_n<\/li>\n<p>_x000D_n<\/ul>\n<p>_x000D_n&nbsp;_x000D_n<\/p>\n<h3>Astuces d\u2019installation pour la pat\u00e8re\u00a0bois noir \u00e0 4 crochets sur fond \u00e9cailles dor\u00e9es<\/h3>\n<p>_x000D_nCi contre, il s&rsquo;agit d&rsquo;une\u00a0<strong>pat\u00e8re<\/strong>\u00a0en<strong> bois peint en noir <\/strong>reprenant par dessus une illustration d&rsquo;<strong>\u00e9cailles dor\u00e9es<\/strong>. Ensuite\u00a0<strong>4 crochets double en m\u00e9tal dor\u00e9<\/strong> viennent se poser sur la ligne centrale de cette plaque rectangulaire._x000D_n_x000D_nSolide, cette pat\u00e8re convient tr\u00e8s bien dans un <strong>univers\u00a0chic, type Art D\u00e9co, dans des\u00a0tonalit\u00e9s noires, dor\u00e9es, et autres couleurs sombres chaudes<\/strong>. Elle vous est recommand\u00e9e pour <strong>une entr\u00e9e, un salon, une chambre, un\u00a0dressing ou une salle de bain.<\/strong>_x000D_n_x000D_nEnfin, pour l\u2019installer, vis et chevilles sont fournies. Seule une perceuse est requise. Vous allez aimer constater que le syst\u00e8me d\u2019accroche est invisible une fois fix\u00e9. Les finitions sont parfaites. Pensez \u00e0 juste \u00e0 bien tenir compte des <strong>dimensions<\/strong> de cette r\u00e9f\u00e9rence avant de vous lancer, \u00e0 savoir:_x000D_n<\/p>\n<ul>_x000D_n \t<\/p>\n<li>Support en bois noir: 40,5 cm X 10,5 cm, \u00e9paisseur 1,5 cm<\/li>\n<p>_x000D_n \t<\/p>\n<li>Pat\u00e8res vieilli: hauteur 8 cm<\/li>\n<p>_x000D_n \t<\/p>\n<li>Ecartement du support: 7,5 cm<\/li>\n<p>_x000D_n<\/ul>\n<p>_x000D_nContactez nous pour davantage d&rsquo;informations au sujet de nos pat\u00e8res, via la page <a href=\"https:\/\/1001pateres.com\/contactez-nous\/\">Contact<\/a>.<\/p>\n","protected":false},"excerpt":{"rendered":"<p>Cette pat\u00e8re est en <strong>bois noir \u00e0 4 crochets double en m\u00e9tal dor\u00e9<\/strong>. Les illustrations de fond sur le support rectangulaire sont des<strong> \u00e9cailles dor\u00e9es<\/strong>. \u00a0<strong>Facile \u00e0 fixer<\/strong>, il permet aussi bien de <strong>d\u00e9corer<\/strong> que de <strong>ranger<\/strong> vos affaires. 1001 Pat\u00e8res vous la recommande aussi bien pour une cuisine, une salle de bain qu\u2019une chambre. Son <strong>style Art D\u00e9co<\/strong> pourra venir compl\u00e9ter votre d\u00e9coration dor\u00e9e, noire ou dans toute harmonie de couleurs chaudes.<\/p>\n","protected":false},"featured_media":2306,"comment_status":"closed","ping_status":"open","template":"","meta":[],"product_cat":[29,32,17],"product_tag":[25],"class_list":["post-641","product","type-product","status-publish","has-post-thumbnail","hentry","product_cat-chambre-adulte","product_cat-entree-sejour","product_cat-salle-de-bain","product_tag-crochet-patere-patere-design-patere-murale-patere-porte-pateres-porte-manteau-porte-serviette-porte-torchon-vestiaire","description-off"],"_links":{"self":[{"href":"https:\/\/roulettes.vaniseo.top\/index.php\/wp-json\/wp\/v2\/product\/641","targetHints":{"allow":["GET"]}}],"collection":[{"href":"https:\/\/roulettes.vaniseo.top\/index.php\/wp-json\/wp\/v2\/product"}],"about":[{"href":"https:\/\/roulettes.vaniseo.top\/index.php\/wp-json\/wp\/v2\/types\/product"}],"replies":[{"embeddable":true,"href":"https:\/\/roulettes.vaniseo.top\/index.php\/wp-json\/wp\/v2\/comments?post=641"}],"version-history":[{"count":0,"href":"https:\/\/roulettes.vaniseo.top\/index.php\/wp-json\/wp\/v2\/product\/641\/revisions"}],"wp:featuredmedia":[{"embeddable":true,"href":"https:\/\/roulettes.vaniseo.top\/index.php\/wp-json\/wp\/v2\/media\/2306"}],"wp:attachment":[{"href":"https:\/\/roulettes.vaniseo.top\/index.php\/wp-json\/wp\/v2\/media?parent=641"}],"wp:term":[{"taxonomy":"product_cat","embeddable":true,"href":"https:\/\/roulettes.vaniseo.top\/index.php\/wp-json\/wp\/v2\/product_cat?post=641"},{"taxonomy":"product_tag","embeddable":true,"href":"https:\/\/roulettes.vaniseo.top\/index.php\/wp-json\/wp\/v2\/product_tag?post=641"}],"curies":[{"name":"wp","href":"https:\/\/api.w.org\/{rel}","templated":true}]}}