{"id":643,"date":"2022-04-04T16:22:23","date_gmt":"2022-04-04T14:22:23","guid":{"rendered":"https:\/\/roulettes.vaniseo.top\/index.php\/produit\/porte-manteau-rose-4-crochets-porcelaine-kokeshi\/"},"modified":"2022-04-04T17:22:53","modified_gmt":"2022-04-04T15:22:53","slug":"porte-manteau-rose-4-crochets-porcelaine-kokeshi","status":"publish","type":"product","link":"https:\/\/roulettes.vaniseo.top\/index.php\/produit\/porte-manteau-rose-4-crochets-porcelaine-kokeshi\/","title":{"rendered":"Porte manteau rose 4 crochets porcelaine kokeshi"},"content":{"rendered":"<h3>Porte serviette rose avec 4 boutons porcelaine vintage<\/h3>\n<p>_x000D_n1001 Pat\u00e8res vous d\u00e9voile ici son tout dernier\u00a0porte manteau rose 4 crochets porcelaine kokeshi\u00a0de la marque NESU._x000D_n_x000D_nTout d&rsquo;abord, commen\u00e7ons par pr\u00e9senter <a href=\"https:\/\/1001pateres.com\/brand\/nesu\/\">NESU<\/a>\u00a0qui est l\u2019une des marques les plus mises \u00e0 l\u2019honneur sur notre site de vente en ligne de pat\u00e8res et porte manteaux avec deux grandes collections:_x000D_n<\/p>\n<ul>_x000D_n \t<\/p>\n<li>Celle offrant les pat\u00e8res les plus classiques qui soient. Il s\u2019agit d\u2019un <strong>rectangle en pin avec 3 boutons ronds\u00a0<\/strong>ne d\u00e9formant pas les v\u00eatements.<\/li>\n<p>_x000D_n \t<\/p>\n<li>Puis une autre beaucoup plus <strong>stylis\u00e9e<\/strong>. Chaque r\u00e9f\u00e9rence valorise un style (vintage, fleuri, baroque, urbain etc\u2026) sur un <strong>support rectangulaire en <a href=\"https:\/\/1001pateres.com\/produit\/patere-bois-vieilli-sur-fond-patchwork\/\">bois<\/a> ou en m\u00e9tal<\/strong>. La collection offre toujours <strong>4 crochets ou boutons<\/strong> pour suspendre ses affaires.<\/li>\n<p>_x000D_n<\/ul>\n<p>_x000D_n&nbsp;_x000D_n<\/p>\n<h3>Porte manteau rose 4 crochets kokeshi<\/h3>\n<p>_x000D_nAinsi, ici, ce porte serviette rose propose un imprim\u00e9 japonisant, dit kokeshi._x000D_n_x000D_nLes <a href=\"https:\/\/www.lachineuse.com\/10092-kokeshi-poupee-japonaise-porte-bonheur\" target=\"_blank\" rel=\"noopener\">kokeshi<\/a> sont des poup\u00e9es japonaises originaire de la r\u00e9gion de Tohoku, et cr\u00e9\u00e9es il y a plus de 150 ans. Elles sont en bois et fabriqu\u00e9es de fa\u00e7on artisanale. Elles ont un corps cylindrique et une t\u00eate en forme de boules. Elle sont toujours color\u00e9es et sont offertes en\u00a0symbole de v\u0153u et d\u00e9sir d\u2019avoir un enfant en bonne sant\u00e9._x000D_n_x000D_nAlors, ce style vintage est parfait pour une cuisine, une salle de bain, une toilette ou une chambre girly! Retrouvez sous chaque illustration, un crochet avec son\u00a0embout en c\u00e9ramique pour ne pas abimer les v\u00eatements. Ce porte manteau rose 4 crochets aide autant au rangement qu&rsquo;il d\u00e9core votre maison._x000D_n_x000D_n&nbsp;_x000D_n<\/p>\n<h3>Conseils d\u2019installation de la pat\u00e8re vintage rose<\/h3>\n<p>_x000D_nDe plus, son\u00a0syst\u00e8me d\u2019<strong>accrochage<\/strong> est simple et efficace. La fixation\u00a0au mur de la pat\u00e8re vintage cuisine se fait avec <strong>2 vis et ses chevilles incluses<\/strong> et\u00a0l\u2019usage d\u2019une perceuse.\u00a0Voici ses <strong>dimensions<\/strong>:_x000D_n<\/p>\n<ul>_x000D_n \t<\/p>\n<li>Le support: 40 cm X 10 cm<\/li>\n<p>_x000D_n \t<\/p>\n<li>Ecartement du mur: 7 cm<\/li>\n<p>_x000D_n<\/ul>\n<p>_x000D_nEnfin, dans le m\u00eame esprit, d\u00e9couvrez sur notre site d&rsquo;autres pat\u00e8res \u00e0 4 crochets porcelaine NESU:_x000D_n<\/p>\n<ul>_x000D_n \t<\/p>\n<li><a href=\"https:\/\/1001pateres.com\/produit\/patere-vintage-cuisine-food\/\">Cuisine<\/a><\/li>\n<p>_x000D_n \t<\/p>\n<li><a href=\"https:\/\/1001pateres.com\/produit\/patere-garage-voitures-americaines\/\">Garage<\/a><\/li>\n<p>_x000D_n \t<\/p>\n<li><a href=\"https:\/\/1001pateres.com\/produit\/patere-vintage-new-york\/\">New York<\/a><\/li>\n<p>_x000D_n \t<\/p>\n<li><a href=\"https:\/\/1001pateres.com\/produit\/patere-vintage-motos-riders\/\">Motos Riders<\/a><\/li>\n<p>_x000D_n \t<\/p>\n<li><a href=\"https:\/\/1001pateres.com\/produit\/patere-vintage-surf-california\/\">Surf California<\/a><\/li>\n<p>_x000D_n \t<\/p>\n<li><a href=\"https:\/\/1001pateres.com\/produit\/patere-vintage-cuisine-breakfast\/\">Breakfast<\/a><\/li>\n<p>_x000D_n \t<\/p>\n<li><a href=\"https:\/\/1001pateres.com\/produit\/patere-vintage-maison-jean-helion\/\">Maison Jean Helion<\/a><\/li>\n<p>_x000D_n \t<\/p>\n<li><a href=\"https:\/\/1001pateres.com\/produit\/patere-vintage-salle-de-bain\/\">Salle de bain<\/a><\/li>\n<p>_x000D_n \t<\/p>\n<li><a href=\"https:\/\/1001pateres.com\/produit\/patere-vintage-fleur-lavande\/\">Fleur Lavande<\/a><\/li>\n<p>_x000D_n<\/ul>\n","protected":false},"excerpt":{"rendered":"<p>Ce <strong>porte manteau rose<\/strong> valorise le style japonais <strong>Kokeshi<\/strong> sur un <strong>support rectangulaire en m\u00e9tal<\/strong>. Il offre\u00a0<strong>4 crochets\u00a0<\/strong>pour suspendre vos affaires. <strong>Facile \u00e0 fixer<\/strong>, il permet aussi bien de <strong>d\u00e9corer<\/strong> que de <strong>ranger<\/strong> vos affaires sur des <strong>embouts qui ne d\u00e9forment pas les v\u00eatements<\/strong>. 1001 Pat\u00e8res vous la recommande aussi bien pour une cuisine, une salle de bain qu&rsquo;une chambre f\u00e9minine.<\/p>\n","protected":false},"featured_media":2308,"comment_status":"closed","ping_status":"open","template":"","meta":[],"product_cat":[29,16,32,40],"product_tag":[25],"class_list":["post-643","product","type-product","status-publish","has-post-thumbnail","hentry","product_cat-chambre-adulte","product_cat-chambre-enfant","product_cat-entree-sejour","product_cat-porte-manteau-sur-pied","product_tag-crochet-patere-patere-design-patere-murale-patere-porte-pateres-porte-manteau-porte-serviette-porte-torchon-vestiaire","description-off"],"_links":{"self":[{"href":"https:\/\/roulettes.vaniseo.top\/index.php\/wp-json\/wp\/v2\/product\/643","targetHints":{"allow":["GET"]}}],"collection":[{"href":"https:\/\/roulettes.vaniseo.top\/index.php\/wp-json\/wp\/v2\/product"}],"about":[{"href":"https:\/\/roulettes.vaniseo.top\/index.php\/wp-json\/wp\/v2\/types\/product"}],"replies":[{"embeddable":true,"href":"https:\/\/roulettes.vaniseo.top\/index.php\/wp-json\/wp\/v2\/comments?post=643"}],"version-history":[{"count":0,"href":"https:\/\/roulettes.vaniseo.top\/index.php\/wp-json\/wp\/v2\/product\/643\/revisions"}],"wp:featuredmedia":[{"embeddable":true,"href":"https:\/\/roulettes.vaniseo.top\/index.php\/wp-json\/wp\/v2\/media\/2308"}],"wp:attachment":[{"href":"https:\/\/roulettes.vaniseo.top\/index.php\/wp-json\/wp\/v2\/media?parent=643"}],"wp:term":[{"taxonomy":"product_cat","embeddable":true,"href":"https:\/\/roulettes.vaniseo.top\/index.php\/wp-json\/wp\/v2\/product_cat?post=643"},{"taxonomy":"product_tag","embeddable":true,"href":"https:\/\/roulettes.vaniseo.top\/index.php\/wp-json\/wp\/v2\/product_tag?post=643"}],"curies":[{"name":"wp","href":"https:\/\/api.w.org\/{rel}","templated":true}]}}