{"id":644,"date":"2022-04-04T16:22:23","date_gmt":"2022-04-04T14:22:23","guid":{"rendered":"https:\/\/roulettes.vaniseo.top\/index.php\/produit\/porte-manteau-rouge-pour-chambre-denfant-4-boutons-aviation\/"},"modified":"2022-04-04T17:22:53","modified_gmt":"2022-04-04T15:22:53","slug":"porte-manteau-rouge-pour-chambre-denfant-4-boutons-aviation","status":"publish","type":"product","link":"https:\/\/roulettes.vaniseo.top\/index.php\/produit\/porte-manteau-rouge-pour-chambre-denfant-4-boutons-aviation\/","title":{"rendered":"Porte manteau rouge pour chambre d&rsquo;enfant 4 boutons aviation"},"content":{"rendered":"<h3>Pat\u00e8re rouge rectangulaire pour enfant avec 4 boutons ronds illustr\u00e9s<\/h3>\n<p>_x000D_n1001 Pat\u00e8res pr\u00e9sente ce <strong>porte manteau rouge pour chambre d&rsquo;enfant avec 4 boutons illustr\u00e9s bleu et\u00a0<\/strong><b>rouge\u00a0sur le th\u00e8me du ciel et de l&rsquo;aviation<\/b> par\u00a0la marque <strong>NESU<\/strong>._x000D_n_x000D_nEn effet, <a href=\"https:\/\/1001pateres.com\/brand\/nesu\/\">NESU<\/a> est la marque la plus repr\u00e9sent\u00e9e sur le site 1001 Pat\u00e8res. De ce fait, elle vous assure un maximum de choix parmi 2 grands styles:_x000D_n<\/p>\n<ul>_x000D_n \t<\/p>\n<li>Classique avec des porte manteaux en pin vernis naturel, <a href=\"https:\/\/1001pateres.com\/produit\/patere-bois-3-crochets-pin-verni-miel\/\">miel<\/a> ou laqu\u00e9 blanc \u00e0 3 pat\u00e8res rondes<\/li>\n<p>_x000D_n \t<\/p>\n<li>Moderne avec un support en <strong>bois <\/strong>ou <a href=\"https:\/\/1001pateres.com\/produit\/patere-vintage-salle-de-bain\/\"><strong>m\u00e9tal peint<\/strong><\/a>\u00a0et illustr\u00e9 avec <strong>4 crochets en harmonie<\/strong><\/li>\n<p>_x000D_n<\/ul>\n<p>_x000D_n&nbsp;_x000D_n<\/p>\n<h3>Installer le porte manteau rouge pour chambre d&rsquo;enfant \u00e0 4 boutons aviation<\/h3>\n<p>_x000D_nD\u2019ailleurs, ci contre, cette r\u00e9f\u00e9rence fait partie du style dit moderne. Le porte manteau offre des tonalit\u00e9s vives de rouge et de bleu. Id\u00e9al pour une chambre d&rsquo;enfant, plut\u00f4t pour un gar\u00e7on puisque les illustrations sont du domaine de l&rsquo;aviation. En effet, sur chacun de boutons, une illustration vient personnaliser la r\u00e9f\u00e9rence, \u00e0 savoir: un avion, deux fus\u00e9es, et une montgolfi\u00e8re. Autant le support que les 4 boutons illustr\u00e9s sont en <strong>plastique PVC r\u00e9sistant<\/strong> teint\u00e9 dans la masse._x000D_n_x000D_nEnfin, le syst\u00e8me d\u2019accrochage est simple et rapide. Tout se passe au dos du support, avec la fixation de 2 vis et chevilles incluses, et de votre perceuse. Vous aimerez constater des finitions parfaites avec un syst\u00e8me invisible une fois pos\u00e9 sur le mur._x000D_n_x000D_nCe porte manteaux pour chambre d&rsquo;enfant est donc <strong>original<\/strong>\u00a0et <strong>de belle qualit\u00e9<\/strong>. Nos clients le choisissent pour ses <strong>jolies finitions\u00a0<\/strong>et ses <strong>d\u00e9cors imprim\u00e9s<\/strong> sur les boutons. Pensez \u00e0 v\u00e9rifier que les <strong>dimensions<\/strong> du produit conviennent \u00e0 votre pans de mur l&rsquo;accueillant, \u00e0 savoir<b>\u00a0<\/b>:_x000D_n<\/p>\n<ul>_x000D_n \t<\/p>\n<li>Support rouge: 41 cm X 6 cm, \u00e9paisseur 1,5 cm<\/li>\n<p>_x000D_n \t<\/p>\n<li>Pat\u00e8re bouton illustr\u00e9e: 4 cm, diam\u00e8tre 5 cm<\/li>\n<p>_x000D_n<\/ul>\n<p>_x000D_nN&rsquo;h\u00e9sitez pas \u00e0 nous contacter pour profiter de nos conseils professionnels d&rsquo;exp\u00e9rience, en nous contactant via la page <a href=\"https:\/\/1001pateres.com\/contactez-nous\/\">Contact<\/a>. Nous pourrons aussi r\u00e9aliser pour vous un devis sp\u00e9cial pour tout besoin de quantit\u00e9s importantes \u00e0 commander.<\/p>\n","protected":false},"excerpt":{"rendered":"<p>Ce porte manteau rouge pour chambre d&rsquo;enfant comporte 4 boutons bleut\u00e9s sur le th\u00e8me de l&rsquo;aviation. Il est\u00a0de la marque <em><strong>NESU<\/strong><\/em>\u00a0et est en plastique r\u00e9sistant. Il est \u00e0 poser partout dans la chambre d&rsquo;un gar\u00e7on pour ne plus voir trainer ses affaires. Son\u00a0syst\u00e8me d&rsquo;accrochage est simple, au dos du support et non visible une fois pos\u00e9e sur le mur. Il\u00a0est original et de belle qualit\u00e9 en PVC pour le support et pour les pat\u00e8res.<\/p>\n","protected":false},"featured_media":2309,"comment_status":"closed","ping_status":"open","template":"","meta":[],"product_cat":[16],"product_tag":[25],"class_list":["post-644","product","type-product","status-publish","has-post-thumbnail","hentry","product_cat-chambre-enfant","product_tag-crochet-patere-patere-design-patere-murale-patere-porte-pateres-porte-manteau-porte-serviette-porte-torchon-vestiaire","description-off"],"_links":{"self":[{"href":"https:\/\/roulettes.vaniseo.top\/index.php\/wp-json\/wp\/v2\/product\/644","targetHints":{"allow":["GET"]}}],"collection":[{"href":"https:\/\/roulettes.vaniseo.top\/index.php\/wp-json\/wp\/v2\/product"}],"about":[{"href":"https:\/\/roulettes.vaniseo.top\/index.php\/wp-json\/wp\/v2\/types\/product"}],"replies":[{"embeddable":true,"href":"https:\/\/roulettes.vaniseo.top\/index.php\/wp-json\/wp\/v2\/comments?post=644"}],"version-history":[{"count":0,"href":"https:\/\/roulettes.vaniseo.top\/index.php\/wp-json\/wp\/v2\/product\/644\/revisions"}],"wp:featuredmedia":[{"embeddable":true,"href":"https:\/\/roulettes.vaniseo.top\/index.php\/wp-json\/wp\/v2\/media\/2309"}],"wp:attachment":[{"href":"https:\/\/roulettes.vaniseo.top\/index.php\/wp-json\/wp\/v2\/media?parent=644"}],"wp:term":[{"taxonomy":"product_cat","embeddable":true,"href":"https:\/\/roulettes.vaniseo.top\/index.php\/wp-json\/wp\/v2\/product_cat?post=644"},{"taxonomy":"product_tag","embeddable":true,"href":"https:\/\/roulettes.vaniseo.top\/index.php\/wp-json\/wp\/v2\/product_tag?post=644"}],"curies":[{"name":"wp","href":"https:\/\/api.w.org\/{rel}","templated":true}]}}