{"id":645,"date":"2022-04-04T16:22:23","date_gmt":"2022-04-04T14:22:23","guid":{"rendered":"https:\/\/roulettes.vaniseo.top\/index.php\/produit\/porte-manteaux-pour-chambre-denfant-4-boutons-marin-pirates\/"},"modified":"2022-04-04T17:22:53","modified_gmt":"2022-04-04T15:22:53","slug":"porte-manteaux-pour-chambre-denfant-4-boutons-marin-pirates","status":"publish","type":"product","link":"https:\/\/roulettes.vaniseo.top\/index.php\/produit\/porte-manteaux-pour-chambre-denfant-4-boutons-marin-pirates\/","title":{"rendered":"Porte manteaux pour chambre d&rsquo;enfant 4 boutons marin pirates"},"content":{"rendered":"<h3>Pat\u00e8re blanche rectangulaire pour chambre enfant avec 4 boutons illustr\u00e9s bleus<\/h3>\n<p>_x000D_n1001 Pat\u00e8res pr\u00e9sente ce <strong>porte manteaux pour chambre d&rsquo;enfant\u00a0blanc \u00e0 4 boutons marin pirates bleus<\/strong>\u00a0de la marque <strong>NESU<\/strong>._x000D_n_x000D_nEn effet, <a href=\"https:\/\/1001pateres.com\/brand\/nesu\/\">NESU<\/a> est l\u2019une des principales marques vendues par 1001 Pat\u00e8res. Elle vous garantit un maximum de choix. Du classique porte manteau en pin (vernis naturel, <a href=\"https:\/\/1001pateres.com\/produit\/patere-bois-3-crochets-pin-verni-miel\/\">miel<\/a> ou laqu\u00e9 blanc) \u00e0 3 pat\u00e8res rondes au support en <strong>bois <\/strong>ou <a href=\"https:\/\/1001pateres.com\/produit\/patere-vintage-salle-de-bain\/\"><strong>m\u00e9tal peint<\/strong><\/a>, illustr\u00e9 avec modernit\u00e9 et avec <strong>4 crochets en harmonie<\/strong>._x000D_n_x000D_n&nbsp;_x000D_n<\/p>\n<h3>Ranger avec le porte manteaux pour chambre d&rsquo;enfant \u00e0 4 boutons<\/h3>\n<p>_x000D_nD\u2019ailleurs, ci contre, cette r\u00e9f\u00e9rence fait partie de cette derni\u00e8re collection \u00e9voqu\u00e9es! Retrouvez ainsi un porte manteau blanc pour chambre d&rsquo;enfant avec 4 boutons illustr\u00e9s tout en <strong>plastique PVC r\u00e9sistant<\/strong> teint\u00e9 dans la masse. Chacun des boutons comporte des illustrations bleut\u00e9es sur le th\u00e8me marin: un pirate, un bateau, une baleine, et une mouette.\u00a0C\u2019est donc le colori id\u00e9al pour <strong>une chambre de jeune gar\u00e7on<\/strong>._x000D_n_x000D_nAussi, son\u00a0syst\u00e8me d\u2019accrochage est simple, au dos du support et non visible une fois pos\u00e9 sur le mur.\u00a0Pour sa fixation\u00a0au mur, il est fourni 2 vis et chevilles mais sa pose n\u00e9cessite l\u2019usage d\u2019une perceuse._x000D_n_x000D_nCe porte manteaux pour chambre d&rsquo;enfant est donc <strong>original<\/strong>\u00a0et <strong>de belle qualit\u00e9<\/strong>. Nos clients la choisissent pour ses <strong>jolies finitions\u00a0<\/strong>et ses <strong>d\u00e9cors imprim\u00e9s<\/strong> sur les boutons. Pensez \u00e0 v\u00e9rifier que les <strong>dimensions<\/strong> du produit conviennent \u00e0 votre pans de mur l&rsquo;accueillant, \u00e0 savoir<b>\u00a0<\/b>:_x000D_n<\/p>\n<ul>_x000D_n \t<\/p>\n<li>Support blanc: 41 cm X 6 cm, \u00e9paisseur 1,5 cm<\/li>\n<p>_x000D_n \t<\/p>\n<li>Pat\u00e8re bouton illustr\u00e9e: 4 cm, diam\u00e8tre 5 cm<\/li>\n<p>_x000D_n<\/ul>\n<p>_x000D_nN&rsquo;h\u00e9sitez pas \u00e0 nous contacter pour profiter de nos conseils professionnels d&rsquo;exp\u00e9rience via la page <a href=\"https:\/\/1001pateres.com\/contactez-nous\/\">Contact<\/a>. Nous pourrons aussi r\u00e9aliser pour vous un devis sp\u00e9cial pour tout besoin de quantit\u00e9s importantes \u00e0 commander.<\/p>\n","protected":false},"excerpt":{"rendered":"<p>Ce porte manteaux comporte 4\u00a0<strong>boutons illustr\u00e9s dans le th\u00e8me marin pirates\u00a0<\/strong>de la marque <em><strong>NESU<\/strong><\/em>. Il est en plastique r\u00e9sistant. Il se pose dans la chambre des enfants pour ne plus voir trainer leurs affaires. Son\u00a0syst\u00e8me d&rsquo;accrochage est simple, au dos du support et non visible une fois pos\u00e9e sur le mur. Il\u00a0est original et de belle qualit\u00e9 en PVC.<\/p>\n","protected":false},"featured_media":2310,"comment_status":"closed","ping_status":"open","template":"","meta":[],"product_cat":[16],"product_tag":[25],"class_list":["post-645","product","type-product","status-publish","has-post-thumbnail","hentry","product_cat-chambre-enfant","product_tag-crochet-patere-patere-design-patere-murale-patere-porte-pateres-porte-manteau-porte-serviette-porte-torchon-vestiaire","description-off"],"_links":{"self":[{"href":"https:\/\/roulettes.vaniseo.top\/index.php\/wp-json\/wp\/v2\/product\/645","targetHints":{"allow":["GET"]}}],"collection":[{"href":"https:\/\/roulettes.vaniseo.top\/index.php\/wp-json\/wp\/v2\/product"}],"about":[{"href":"https:\/\/roulettes.vaniseo.top\/index.php\/wp-json\/wp\/v2\/types\/product"}],"replies":[{"embeddable":true,"href":"https:\/\/roulettes.vaniseo.top\/index.php\/wp-json\/wp\/v2\/comments?post=645"}],"version-history":[{"count":0,"href":"https:\/\/roulettes.vaniseo.top\/index.php\/wp-json\/wp\/v2\/product\/645\/revisions"}],"wp:featuredmedia":[{"embeddable":true,"href":"https:\/\/roulettes.vaniseo.top\/index.php\/wp-json\/wp\/v2\/media\/2310"}],"wp:attachment":[{"href":"https:\/\/roulettes.vaniseo.top\/index.php\/wp-json\/wp\/v2\/media?parent=645"}],"wp:term":[{"taxonomy":"product_cat","embeddable":true,"href":"https:\/\/roulettes.vaniseo.top\/index.php\/wp-json\/wp\/v2\/product_cat?post=645"},{"taxonomy":"product_tag","embeddable":true,"href":"https:\/\/roulettes.vaniseo.top\/index.php\/wp-json\/wp\/v2\/product_tag?post=645"}],"curies":[{"name":"wp","href":"https:\/\/api.w.org\/{rel}","templated":true}]}}