{"id":646,"date":"2022-04-04T16:22:23","date_gmt":"2022-04-04T14:22:23","guid":{"rendered":"https:\/\/roulettes.vaniseo.top\/index.php\/produit\/patere-multiple-decorative-metallique-feuilles-dorees\/"},"modified":"2022-04-04T17:22:54","modified_gmt":"2022-04-04T15:22:54","slug":"patere-multiple-decorative-metallique-feuilles-dorees","status":"publish","type":"product","link":"https:\/\/roulettes.vaniseo.top\/index.php\/produit\/patere-multiple-decorative-metallique-feuilles-dorees\/","title":{"rendered":"Pat\u00e8re multiple d\u00e9corative m\u00e9tallique feuilles dor\u00e9es"},"content":{"rendered":"<h3>Porte manteau m\u00e9tallique dor\u00e9 \u00e0 feuilles<\/h3>\n<p>_x000D_nDans un esprit Art D\u00e9co dor\u00e9, totalement en lien avec les tendances <a href=\"https:\/\/1001pateres.com\/saison-automne-hiver-2021-tendances-decoratives-acheter-sa-patere\/\">d\u00e9co<\/a> et <a href=\"https:\/\/1001pateres.com\/saison-automne-hiver-2021-couleurs-porte-manteau-choisir\/\">color\u00e9s<\/a> automne hiver 2021, 1001 Pat\u00e8res a s\u00e9lectionn\u00e9 pour vous cette <strong>pat\u00e8re multiple d\u00e9corative m\u00e9tallique \u00e0 feuilles dor\u00e9es<\/strong>._x000D_n_x000D_nOsez la brillance dor\u00e9e dans votre int\u00e9rieur pour encore plus de style et de cachet! Les formes arrondies des feuilles sont, en plus, totalement en accord avec le style Art D\u00e9co. De quoi v\u00e9ritablement <strong>rendre tendance votre int\u00e9rieur.<\/strong>_x000D_n_x000D_nDe plus, 1001 Pat\u00e8res vous conseille <strong>plut\u00f4t de l&rsquo;utiliser sur un mur sombre<\/strong>. La seconde couleur tendance de cette hiver 2021 \u00e9tant le <strong>vert bouteille<\/strong>, n&rsquo;h\u00e9sitez donc pas \u00e0 combiner les deux. Sinon un brun fonc\u00e9, un noir, un gris seront aussi des couleurs qui viendront <strong>contraster<\/strong>\u00a0avec cette r\u00e9f\u00e9rence et donc la mettre en valeur._x000D_n_x000D_n&nbsp;_x000D_n<\/p>\n<h3>Installer la pat\u00e8re multiple d\u00e9corative m\u00e9tallique feuilles dor\u00e9es<\/h3>\n<p>_x000D_nTechniquement, celle-ci propose au total <strong>5 crochets d&rsquo;accrochage avec des boules<\/strong> \u00e0 leurs pointes. Ces derni\u00e8res ont pour int\u00e9r\u00eat de ne pas marquer les v\u00eatements et autres accessoires que vous suspendrez. La finesse des crochets imposent toutefois de ne pas d\u00e9passer les <strong>5 kg de charge par crochet<\/strong>._x000D_n_x000D_nC\u00f4t\u00e9 installation, vous aimerez utiliser ce type de porte manteau multiple <strong>dans de nombreuses pi\u00e8ces de la maison<\/strong>. Par exemple, dans une:_x000D_n<\/p>\n<ul>_x000D_n \t<\/p>\n<li>Salle de bain pour suspendre vos pyjamas\/v\u00eatements<\/li>\n<p>_x000D_n \t<\/p>\n<li>Chambre pour ranger vos accessoires \/ bijoux<\/li>\n<p>_x000D_n \t<\/p>\n<li>Cuisine pour vos torchons<\/li>\n<p>_x000D_n \t<\/p>\n<li>Toilettes pour votre essuie-main<\/li>\n<p>_x000D_n<\/ul>\n<p>_x000D_nAvant toute <strong>installation<\/strong> et acte d&rsquo;achat, prenez quelques instants pour v\u00e9rifier la faisabilit\u00e9 de votre projet et comparant les <strong>dimensions<\/strong> de l&rsquo;espace qui accueillera votre pat\u00e8re m\u00e9tallique et ses propres dimensions que voici:_x000D_n<\/p>\n<ul>_x000D_n \t<\/p>\n<li>Hauteur : 18,5 cm<\/li>\n<p>_x000D_n \t<\/p>\n<li>Largeur : 31 cm<\/li>\n<p>_x000D_n \t<\/p>\n<li>Ecartement du mur du crochet : 4 cm<\/li>\n<p>_x000D_n<\/ul>\n<p>_x000D_nUne fois la faisabilit\u00e9 valid\u00e9e, il vous faudra seulement d\u00e9tenir une perceuse car <strong>vis et chevilles sont fournies<\/strong>._x000D_n_x000D_nEn cas de questions compl\u00e9mentaires, n&rsquo;h\u00e9sitez pas \u00e0 nous contacter via la page <a href=\"https:\/\/1001pateres.com\/contactez-nous\/\">Contact<\/a>.<\/p>\n","protected":false},"excerpt":{"rendered":"<p>Osez la brillance dor\u00e9e dans votre int\u00e9rieur pour encore plus de style et de cachet! 1001 Pat\u00e8res a s\u00e9lectionn\u00e9 pour vous cette <strong>pat\u00e8re multiple d\u00e9corative m\u00e9tallique \u00e0 feuilles dor\u00e9es.\u00a0<\/strong>Techniquement, celle-ci dispose de\u00a0<strong>5 crochets d&rsquo;accrochage avec des boules<\/strong> \u00e0 leurs pointes. La finesse des crochets imposent toutefois de ne pas d\u00e9passer les <strong>5 kg de charge par crochet<\/strong>. Et\u00a0<strong>v<\/strong><strong>is et chevilles sont fournies<\/strong>._x000D_n_x000D_n&nbsp;<\/p>\n","protected":false},"featured_media":2311,"comment_status":"closed","ping_status":"open","template":"","meta":[],"product_cat":[29,32,17],"product_tag":[27],"class_list":["post-646","product","type-product","status-publish","has-post-thumbnail","hentry","product_cat-chambre-adulte","product_cat-entree-sejour","product_cat-salle-de-bain","product_tag-crochet-patere-patere-design-patere-murale-patere-porte-pateres-porte-serviette-porte-torchon-vestiaire","description-off"],"_links":{"self":[{"href":"https:\/\/roulettes.vaniseo.top\/index.php\/wp-json\/wp\/v2\/product\/646","targetHints":{"allow":["GET"]}}],"collection":[{"href":"https:\/\/roulettes.vaniseo.top\/index.php\/wp-json\/wp\/v2\/product"}],"about":[{"href":"https:\/\/roulettes.vaniseo.top\/index.php\/wp-json\/wp\/v2\/types\/product"}],"replies":[{"embeddable":true,"href":"https:\/\/roulettes.vaniseo.top\/index.php\/wp-json\/wp\/v2\/comments?post=646"}],"version-history":[{"count":0,"href":"https:\/\/roulettes.vaniseo.top\/index.php\/wp-json\/wp\/v2\/product\/646\/revisions"}],"wp:featuredmedia":[{"embeddable":true,"href":"https:\/\/roulettes.vaniseo.top\/index.php\/wp-json\/wp\/v2\/media\/2311"}],"wp:attachment":[{"href":"https:\/\/roulettes.vaniseo.top\/index.php\/wp-json\/wp\/v2\/media?parent=646"}],"wp:term":[{"taxonomy":"product_cat","embeddable":true,"href":"https:\/\/roulettes.vaniseo.top\/index.php\/wp-json\/wp\/v2\/product_cat?post=646"},{"taxonomy":"product_tag","embeddable":true,"href":"https:\/\/roulettes.vaniseo.top\/index.php\/wp-json\/wp\/v2\/product_tag?post=646"}],"curies":[{"name":"wp","href":"https:\/\/api.w.org\/{rel}","templated":true}]}}