{"id":647,"date":"2022-04-04T16:22:23","date_gmt":"2022-04-04T14:22:23","guid":{"rendered":"https:\/\/roulettes.vaniseo.top\/index.php\/produit\/patere-support-mural-pour-velo-en-metal-noir\/"},"modified":"2022-04-04T17:22:54","modified_gmt":"2022-04-04T15:22:54","slug":"patere-support-mural-pour-velo-en-metal-noir","status":"publish","type":"product","link":"https:\/\/roulettes.vaniseo.top\/index.php\/produit\/patere-support-mural-pour-velo-en-metal-noir\/","title":{"rendered":"Pat\u00e8re support mural pour v\u00e9lo en m\u00e9tal noir"},"content":{"rendered":"<h2>Range v\u00e9lo \u00e0 fixation murale<\/h2>\n<p>_x000D_n1001 Pat\u00e8res a des solutions pour tout un tas de probl\u00e9matiques de rangement! En effet, n\u00b01 en France de la vente en ligne de porte manteaux et pat\u00e8res, elle propose des solutions pour mieux optimiser vos espaces. C&rsquo;est le cas encore ici pour r\u00e9volutionner l&rsquo;organisation de votre <a href=\"https:\/\/1001pateres.com\/univers\/garage\/\"><strong>garage<\/strong><\/a> gr\u00e2ce \u00e0 une <strong>pat\u00e8re support mural pour v\u00e9lo en m\u00e9tal noir<\/strong>._x000D_n_x000D_nConcr\u00e8tement ce range v\u00e9lo \u00e0 fixation murale peut accueillir un seul v\u00e9lo. Alors, selon le nombre de v\u00e9los dont vous disposez, il suffira d&rsquo;<strong>espacer chaque crochet de rangement selon l&rsquo;encadrement de chaque cycle<\/strong>._x000D_n_x000D_nAvec ce produit, vous <strong>lib\u00e9rez les espaces de circulation<\/strong> dans votre garage. Vous retrouvez ce qui fut d&rsquo;antan l&rsquo;espace pour votre voiture. <strong>Vous gagnez en largeur tout en optimisant le rangement par sa hauteur<\/strong>.\u00a0Quelle satisfaction que de d\u00e9couvrir des solutions telles que celle ci pour son garage! Chaque pi\u00e8ce m\u00e9rite souvent d&rsquo;\u00eatre optimiser par des solutions de rangement dont on n&rsquo;a pas toujours connaissance._x000D_n_x000D_n&nbsp;_x000D_n<\/p>\n<h2>Dimensions et installation de la pat\u00e8re support mural pour v\u00e9lo en m\u00e9tal noir<\/h2>\n<p>_x000D_nC\u00f4t\u00e9 produit, vous aimerez sa <strong>robustesse<\/strong>. En m\u00e9tal noir, c&rsquo;est un passe partout. Bien s\u00fbr, ce type de crochet s&rsquo;adapte \u00e0<strong> toutes les marques et tous les types de v\u00e9lo<\/strong>. Pensez \u00e0 tenir compte de ses <strong>dimensions<\/strong>, \u00e0 savoir:_x000D_n<\/p>\n<ul>_x000D_n \t<\/p>\n<li>Support mural, hauteur : 14 cm<\/li>\n<p>_x000D_n \t<\/p>\n<li>Hauteur de la patte pour maintenir le v\u00e9lo : 9 cm<\/li>\n<p>_x000D_n \t<\/p>\n<li>Largeur de la patte : 7 cm<\/li>\n<p>_x000D_n \t<\/p>\n<li>Ecartement int\u00e9rieur : 5,2 cm<\/li>\n<p>_x000D_n<\/ul>\n<p>_x000D_nEnfin, pour l&rsquo;installer au mur, munissez-vous de <strong>vis et chevilles<\/strong>, et de votre <strong>perceuse<\/strong>. 3 inserts vous attendent pour la fixer. Rien de plus facile donc que d&rsquo;utiliser ce range v\u00e9lo \u00e0 fixation murale._x000D_n_x000D_nToutefois, si des questions subsistent, n&rsquo;h\u00e9sitez pas \u00e0 nous contacter. Il est possible de nous joindre via la page Contact et son formulaire de contact. Pensez \u00e9galement \u00e0 l&rsquo;utiliser en cas de demande de devis sp\u00e9cifique pour une commande en d&rsquo;importantes quantit\u00e9s. Dans un cas comme dans l&rsquo;autre, 1001 pat\u00e8res se montrera r\u00e9active!<\/p>\n","protected":false},"excerpt":{"rendered":"<p>1001 Pat\u00e8res a le plaisir de vous faire d\u00e9couvrir ici une pat\u00e8re <strong>support mural pour v\u00e9lo<\/strong> en <strong><em>m\u00e9tal noir<\/em><\/strong>. Gr\u00e2ce \u00e0 elle vous supprimez un encombrant au sol notable, celui des v\u00e9los dans votre garage! L&rsquo;encombrant d&rsquo;un v\u00e9lo est une v\u00e9ritable probl\u00e9matique dans un garage. Long et peu large, le fixer au mur permet d&rsquo;optimiser l&rsquo;espace de circulation tout en utilisant un maximum l&rsquo;ensemble de la hauteur sous plafond. Plus s\u00e9curisant qu&rsquo;un crochet v\u00e9lo pour plafond, la pat\u00e8re support mural pour v\u00e9lo accueille un seul v\u00e9lo. D\u00e9multipliez la \u00e0 votre convenance pour ranger ENFIN l&rsquo;ensemble des v\u00e9los de votre famille.<\/p>\n","protected":false},"featured_media":2313,"comment_status":"closed","ping_status":"open","template":"","meta":[],"product_cat":[30],"product_tag":[44],"class_list":["post-647","product","type-product","status-publish","has-post-thumbnail","hentry","product_cat-garage-cellier","product_tag-crochet-crochet-de-rangement-crochet-velo-mural-patere-patere-design-patere-murale-patere-porte-pateres-porte-serviette-porte-torchon-range-velo-fixation-murale-vestiaire","description-off"],"_links":{"self":[{"href":"https:\/\/roulettes.vaniseo.top\/index.php\/wp-json\/wp\/v2\/product\/647","targetHints":{"allow":["GET"]}}],"collection":[{"href":"https:\/\/roulettes.vaniseo.top\/index.php\/wp-json\/wp\/v2\/product"}],"about":[{"href":"https:\/\/roulettes.vaniseo.top\/index.php\/wp-json\/wp\/v2\/types\/product"}],"replies":[{"embeddable":true,"href":"https:\/\/roulettes.vaniseo.top\/index.php\/wp-json\/wp\/v2\/comments?post=647"}],"version-history":[{"count":0,"href":"https:\/\/roulettes.vaniseo.top\/index.php\/wp-json\/wp\/v2\/product\/647\/revisions"}],"wp:featuredmedia":[{"embeddable":true,"href":"https:\/\/roulettes.vaniseo.top\/index.php\/wp-json\/wp\/v2\/media\/2313"}],"wp:attachment":[{"href":"https:\/\/roulettes.vaniseo.top\/index.php\/wp-json\/wp\/v2\/media?parent=647"}],"wp:term":[{"taxonomy":"product_cat","embeddable":true,"href":"https:\/\/roulettes.vaniseo.top\/index.php\/wp-json\/wp\/v2\/product_cat?post=647"},{"taxonomy":"product_tag","embeddable":true,"href":"https:\/\/roulettes.vaniseo.top\/index.php\/wp-json\/wp\/v2\/product_tag?post=647"}],"curies":[{"name":"wp","href":"https:\/\/api.w.org\/{rel}","templated":true}]}}