{"id":649,"date":"2022-04-04T16:22:23","date_gmt":"2022-04-04T14:22:23","guid":{"rendered":"https:\/\/roulettes.vaniseo.top\/index.php\/produit\/patere-ronde-plastique-facon-bois-naturel-wenko\/"},"modified":"2022-04-04T17:22:55","modified_gmt":"2022-04-04T15:22:55","slug":"patere-ronde-plastique-facon-bois-naturel-wenko","status":"publish","type":"product","link":"https:\/\/roulettes.vaniseo.top\/index.php\/produit\/patere-ronde-plastique-facon-bois-naturel-wenko\/","title":{"rendered":"Pat\u00e8re ronde plastique fa\u00e7on bois naturel WENKO"},"content":{"rendered":"<h3>Pat\u00e8re plastique ronde imitation bois Wenko<\/h3>\n<p>_x000D_n<strong>1001 Pat\u00e8res<\/strong> vous propose de d\u00e9couvrir toutes les <strong>informations techniques et d\u00e9coratives<\/strong> concernant cette <strong>pat\u00e8re ronde plastique fa\u00e7on bois naturel<\/strong>. Tout d&rsquo;abord, celle-ci est sign\u00e9e de la marque <strong>Wenko<\/strong>._x000D_n_x000D_n<a href=\"https:\/\/1001pateres.com\/brand\/wenko\/\">Wenko<\/a> fait partie en effet, des <strong>marques internationales<\/strong> choisies par 1001 Pat\u00e8res pour vous proposer choix, qualit\u00e9 et modernit\u00e9. Ainsi, vous disposez sur ce site de styles vari\u00e9s mais toujours au <strong>meilleur rapport qualit\u00e9 prix<\/strong>. C&rsquo;est gr\u00e2ce \u00e0 cela que 1001 Pat\u00e8res est cette ann\u00e9e encore <strong>n\u00b01 des ventes en ligne de pat\u00e8res et porte manteaux<\/strong> en France._x000D_n_x000D_nAinsi, <a href=\"https:\/\/www.wenko.com\/fr\/entreprise\" target=\"_blank\" rel=\"noopener\">WENKO<\/a> est une marque <strong>allemande<\/strong> proposant essentiellement des \u00e9l\u00e9ments ing\u00e9nieux pour la maison. 1001 Pat\u00e8res vend donc leurs pat\u00e8res, jusqu&rsquo;alors surtout d\u00e9di\u00e9e \u00e0 la salle de bain._x000D_n_x000D_n&nbsp;_x000D_n<\/p>\n<h3>Pat\u00e8re ronde plastique style scandinave bois<\/h3>\n<p>_x000D_nMais, ici, avec cette pat\u00e8re en plastique, elle va chercher une nouvelle client\u00e8le. En effet, avec une <strong>imitation de bois naturel ch\u00eane vern<\/strong>i avec <strong>relief imitant le bois<\/strong>, on cherche \u00e0 se rapprocher du <strong>mod\u00e8le scandinave<\/strong> utilisant beaucoup de bois brut et de formes pleines.\u00a0Cette pat\u00e8re ronde est donc id\u00e9ale pour suspendre autant des accessoires, que des vestes ou des manteaux au mur. Le fait d&rsquo;\u00eatre en plastique lui permet aussi d&rsquo;<strong>accueillir des \u00e9l\u00e9ments humides<\/strong>._x000D_n_x000D_nAinsi, vous pourrez l&rsquo;utiliser aussi bien dans une <strong>entr\u00e9e<\/strong> que dans une <strong>salle de bain<\/strong> ou un <strong>garage<\/strong>._x000D_n_x000D_nEnfin, ses <strong>dimensions<\/strong> sont de:_x000D_n<\/p>\n<ul>_x000D_n \t<\/p>\n<li>Diam\u00e8tre : 8 cm<\/li>\n<p>_x000D_n \t<\/p>\n<li>Ecartement du mur : 3,8 cm<\/li>\n<p>_x000D_n<\/ul>\n<p>_x000D_nComme nous le disons toujours, pour valoriser son style, <strong>d\u00e9multipliez-la<\/strong>! En l&rsquo;utilisant sur une ligne, ou en zig zag, en 4\/6 unit\u00e9s vous aurez la certitude de maximiser votre rangement tout en la mettant en valeur._x000D_n_x000D_nPour finir, c\u00f4t\u00e9 installation, tout est fourni, vous n&rsquo;aurez besoin que d&rsquo;un tournevis ou perceuse. Il sera rapide et facile de la fixer au mur._x000D_n_x000D_nD\u00e8s maintenant, passez commande ou posez nous vos questions via le formulaire en page Contact. Un devis au meilleur prix peut \u00eatre chiffr\u00e9 en cas de commande en d&rsquo;importantes quantit\u00e9s.<\/p>\n","protected":false},"excerpt":{"rendered":"<p>Jolie pat\u00e8re ronde en polyr\u00e9sine fa\u00e7on <strong>bois naturel ch\u00eane<\/strong> verni de la marque\u00a0<em><strong>WENKO<\/strong><\/em> id\u00e9ale pour accrocher serviettes, manteaux ou chapeaux.\u00a0Ce porte-manteau ultra r\u00e9sistant sera id\u00e9ale dans les pi\u00e8ces humides ou dans l&rsquo;entr\u00e9e pour la tendance naturelle et pour ne plus voir trainer les v\u00eatements. A acheter par deux ou trois pour plus de design.<\/p>\n","protected":false},"featured_media":2318,"comment_status":"closed","ping_status":"open","template":"","meta":[],"product_cat":[29,19,20,32,21,22,17,23],"product_tag":[26],"class_list":["post-649","product","type-product","status-publish","has-post-thumbnail","hentry","product_cat-chambre-adulte","product_cat-collectivite","product_cat-cuisine","product_cat-entree-sejour","product_cat-entreprise","product_cat-pro","product_cat-salle-de-bain","product_cat-toilette-wc","product_tag-crochet-patere-patere-design-patere-murale-patere-porte-pateres-porte-serviette-porte-torchon","description-off"],"_links":{"self":[{"href":"https:\/\/roulettes.vaniseo.top\/index.php\/wp-json\/wp\/v2\/product\/649","targetHints":{"allow":["GET"]}}],"collection":[{"href":"https:\/\/roulettes.vaniseo.top\/index.php\/wp-json\/wp\/v2\/product"}],"about":[{"href":"https:\/\/roulettes.vaniseo.top\/index.php\/wp-json\/wp\/v2\/types\/product"}],"replies":[{"embeddable":true,"href":"https:\/\/roulettes.vaniseo.top\/index.php\/wp-json\/wp\/v2\/comments?post=649"}],"version-history":[{"count":0,"href":"https:\/\/roulettes.vaniseo.top\/index.php\/wp-json\/wp\/v2\/product\/649\/revisions"}],"wp:featuredmedia":[{"embeddable":true,"href":"https:\/\/roulettes.vaniseo.top\/index.php\/wp-json\/wp\/v2\/media\/2318"}],"wp:attachment":[{"href":"https:\/\/roulettes.vaniseo.top\/index.php\/wp-json\/wp\/v2\/media?parent=649"}],"wp:term":[{"taxonomy":"product_cat","embeddable":true,"href":"https:\/\/roulettes.vaniseo.top\/index.php\/wp-json\/wp\/v2\/product_cat?post=649"},{"taxonomy":"product_tag","embeddable":true,"href":"https:\/\/roulettes.vaniseo.top\/index.php\/wp-json\/wp\/v2\/product_tag?post=649"}],"curies":[{"name":"wp","href":"https:\/\/api.w.org\/{rel}","templated":true}]}}