{"id":65,"date":"2022-04-04T16:20:10","date_gmt":"2022-04-04T14:20:10","guid":{"rendered":"https:\/\/roulettes.vaniseo.top\/index.php\/produit\/patere-color-design-aluminium-papillon-bleu\/"},"modified":"2022-04-04T17:10:08","modified_gmt":"2022-04-04T15:10:08","slug":"patere-color-design-aluminium-papillon-bleu","status":"publish","type":"product","link":"https:\/\/roulettes.vaniseo.top\/index.php\/produit\/patere-color-design-aluminium-papillon-bleu\/","title":{"rendered":"Pat\u00e8re color design aluminium papillon bleu"},"content":{"rendered":"<h4>Porte-serviette pour salle de bain en forme de papillon bleu.<\/h4>\n<p>_x000D_n<strong>Pat\u00e8re color design<\/strong> aluminium <em><strong>papillon bleu<\/strong><\/em>._x000D_n_x000D_nBelle pat\u00e8re de la s\u00e9rie \u00ab\u00a0color\u00a0\u00bb en aluminium de couleur bleu en forme de papillon en envol qui peut servir de porte torchon, porte serviette, porte gant, porte manteau._x000D_n_x000D_nMurale au design \u00e9pur\u00e9e, elle poss\u00e8de une forme originale._x000D_n_x000D_nElle comporte un crochet et un syst\u00e8me d&rsquo;accrochage avec ses vis, ses chevilles et ses caches-vis en plastique, les vis sont non visibles._x000D_n_x000D_nDe couleur bleu brillant qui conviendra parfaitement dans un univers moderne._x000D_n_x000D_nElle est facile \u00e0 poser mais n\u00e9cessite une per\u00e7euse pour positionner les chevilles._x000D_n<\/p>\n<h4>Dimensions :<\/h4>\n<p>_x000D_n<\/p>\n<ul>_x000D_n \t<\/p>\n<li>La base 6,3 cm X 3,8 cm<\/li>\n<p>_x000D_n \t<\/p>\n<li>\u00e9cartement maxi 4,3 cm<\/li>\n<p>_x000D_n \t<\/p>\n<li>Vis de 2,8 cm<\/li>\n<p>_x000D_n<\/ul>\n","protected":false},"excerpt":{"rendered":"<p>Belle <strong>pat\u00e8re color design<\/strong> aluminium <em><strong>papillon bleu<\/strong><\/em> qui peut servir de porte torchon, porte serviette, porte gant, porte manteau.\u00a0Elle est murale au design \u00e9pur\u00e9e avec une forme originale.<\/p>\n","protected":false},"featured_media":857,"comment_status":"closed","ping_status":"open","template":"","meta":[],"product_cat":[20,17,23],"product_tag":[27],"class_list":["post-65","product","type-product","status-publish","has-post-thumbnail","hentry","product_cat-cuisine","product_cat-salle-de-bain","product_cat-toilette-wc","product_tag-crochet-patere-patere-design-patere-murale-patere-porte-pateres-porte-serviette-porte-torchon-vestiaire","description-off"],"_links":{"self":[{"href":"https:\/\/roulettes.vaniseo.top\/index.php\/wp-json\/wp\/v2\/product\/65","targetHints":{"allow":["GET"]}}],"collection":[{"href":"https:\/\/roulettes.vaniseo.top\/index.php\/wp-json\/wp\/v2\/product"}],"about":[{"href":"https:\/\/roulettes.vaniseo.top\/index.php\/wp-json\/wp\/v2\/types\/product"}],"replies":[{"embeddable":true,"href":"https:\/\/roulettes.vaniseo.top\/index.php\/wp-json\/wp\/v2\/comments?post=65"}],"version-history":[{"count":0,"href":"https:\/\/roulettes.vaniseo.top\/index.php\/wp-json\/wp\/v2\/product\/65\/revisions"}],"wp:featuredmedia":[{"embeddable":true,"href":"https:\/\/roulettes.vaniseo.top\/index.php\/wp-json\/wp\/v2\/media\/857"}],"wp:attachment":[{"href":"https:\/\/roulettes.vaniseo.top\/index.php\/wp-json\/wp\/v2\/media?parent=65"}],"wp:term":[{"taxonomy":"product_cat","embeddable":true,"href":"https:\/\/roulettes.vaniseo.top\/index.php\/wp-json\/wp\/v2\/product_cat?post=65"},{"taxonomy":"product_tag","embeddable":true,"href":"https:\/\/roulettes.vaniseo.top\/index.php\/wp-json\/wp\/v2\/product_tag?post=65"}],"curies":[{"name":"wp","href":"https:\/\/api.w.org\/{rel}","templated":true}]}}