{"id":651,"date":"2022-04-04T16:22:23","date_gmt":"2022-04-04T14:22:23","guid":{"rendered":"https:\/\/roulettes.vaniseo.top\/index.php\/produit\/patere-ronde-polyresine-terrazzo-wenko\/"},"modified":"2022-04-04T17:22:56","modified_gmt":"2022-04-04T15:22:56","slug":"patere-ronde-polyresine-terrazzo-wenko","status":"publish","type":"product","link":"https:\/\/roulettes.vaniseo.top\/index.php\/produit\/patere-ronde-polyresine-terrazzo-wenko\/","title":{"rendered":"Pat\u00e8re ronde polyr\u00e9sine terrazzo WENKO"},"content":{"rendered":"<h3>Pat\u00e8re ronde couleur terrazzo WENKO<\/h3>\n<p>_x000D_n<strong>WENKO<\/strong> est encore ici, la marque choisie par <strong>1001 Pat\u00e8res<\/strong> pour une promesse de produit alliant rangement et d\u00e9coration. Ici, d\u00e9couvrez une <strong>pat\u00e8re\u00a0ronde en polyr\u00e9sine terrazzo.<\/strong>_x000D_n_x000D_n<strong>1001 Pat\u00e8res<\/strong> est le<strong> N\u00b01 en France de la vente en ligne<\/strong> de pat\u00e8res et porte manteaux. Vous avez ainsi la garantie de disposer de nombreux styles mais aussi d&rsquo;un <strong>rapport qualit\u00e9 prix parfait<\/strong>. Ainsi, ici, il est question de compl\u00e9ter l&rsquo;offre de la marque allemande WENKO._x000D_n_x000D_nCette pat\u00e8re <strong>ronde<\/strong> est en <strong>polyr\u00e9sine<\/strong>. Elle vous est pr\u00e9sent\u00e9e ici en couleur <strong>terrazzo<\/strong>. Ce terme \u00ab\u00a0Terrazzo\u00a0\u00bb rappelle le sol design des ann\u00e9es 50\/60 appel\u00e9 TERRAZZO ou GRANITO. Il est compos\u00e9 de multiples <strong>petites taches de couleurs vari\u00e9es et disparates<\/strong>._x000D_n_x000D_nComme l&rsquo;ensemble de la collection de pat\u00e8re ronde en polyr\u00e9sine, ses <strong>dimensions<\/strong> sont de:_x000D_n<\/p>\n<ul>_x000D_n \t<\/p>\n<li>Diam\u00e8tre: 8 cm<\/li>\n<p>_x000D_n \t<\/p>\n<li>Ecartement du mur: 4 cm.<\/li>\n<p>_x000D_n<\/ul>\n<p>_x000D_nSur notre site, il est possible de la retrouver dans les<strong> coloris suivants<\/strong>: <a href=\"https:\/\/1001pateres.com\/produit\/patere-ronde-polyresine-noir-mat-wenko\/\">noir mat<\/a>, terrazzo, blanc mat, vert menthe, et marbre paillet\u00e9._x000D_n_x000D_n&nbsp;_x000D_n<\/p>\n<h3>Installation de la pat\u00e8re ronde polyr\u00e9sine terrazzo<\/h3>\n<p>_x000D_nPar ailleurs, cette pat\u00e8re ronde vous est livr\u00e9e avec sa vis. Il sera donc seulement n\u00e9cessaire de disposer d&rsquo;une perceuse et d&rsquo;un tournevis pour <strong>l&rsquo;installer rapidement et facilement.<\/strong>_x000D_n_x000D_nEnsuite, pour le choix du mur, tout est possible du fait qu&rsquo;elle soit multicolore. Toutefois, <strong>en l&rsquo;installant sur un mur sombre, gris ou noir, vous contrastez davantage<\/strong> avec le fond blanc et les coloris lumineux de la pat\u00e8re._x000D_n_x000D_nEnfin, pour le choix de la pi\u00e8ce, nous aimons conclure qu&rsquo;elle s&rsquo;accommodera facilement partout! En effet, du fait de sa mati\u00e8re polyr\u00e9sine, celle-ci est <strong>r\u00e9sistante<\/strong> \u00e0 l&rsquo;humidit\u00e9 et l&rsquo;eau. Il est donc aussi bien possible de l&rsquo;installer dans une cuisine, un bureau, une salle de bain, des toilettes ou dans votre entr\u00e9e._x000D_n_x000D_nBref, un v\u00e9ritable passe partout, solide et facile d&rsquo;installation.<\/p>\n","protected":false},"excerpt":{"rendered":"<p>Jolie pat\u00e8re ronde en polyr\u00e9sine \u00e0 l&rsquo;imitation des sols design ann\u00e9es 50\/60 appel\u00e9s TERRAZZO ou GRANITO\u00a0de la marque\u00a0<em><strong>WENKO<\/strong><\/em> id\u00e9ale pour accrocher serviettes, manteaux ou chapeaux.\u00a0Ce porte-manteau ultra r\u00e9sistant sera id\u00e9ale dans les pi\u00e8ces humides ou dans l&rsquo;entr\u00e9e pour ne plus voir trainer les v\u00eatements et rester sobre. A acheter par deux ou trois pour plus de design.<\/p>\n","protected":false},"featured_media":2324,"comment_status":"closed","ping_status":"open","template":"","meta":[],"product_cat":[29,19,20,32,21,22,17,23],"product_tag":[26],"class_list":["post-651","product","type-product","status-publish","has-post-thumbnail","hentry","product_cat-chambre-adulte","product_cat-collectivite","product_cat-cuisine","product_cat-entree-sejour","product_cat-entreprise","product_cat-pro","product_cat-salle-de-bain","product_cat-toilette-wc","product_tag-crochet-patere-patere-design-patere-murale-patere-porte-pateres-porte-serviette-porte-torchon","description-off"],"_links":{"self":[{"href":"https:\/\/roulettes.vaniseo.top\/index.php\/wp-json\/wp\/v2\/product\/651","targetHints":{"allow":["GET"]}}],"collection":[{"href":"https:\/\/roulettes.vaniseo.top\/index.php\/wp-json\/wp\/v2\/product"}],"about":[{"href":"https:\/\/roulettes.vaniseo.top\/index.php\/wp-json\/wp\/v2\/types\/product"}],"replies":[{"embeddable":true,"href":"https:\/\/roulettes.vaniseo.top\/index.php\/wp-json\/wp\/v2\/comments?post=651"}],"version-history":[{"count":0,"href":"https:\/\/roulettes.vaniseo.top\/index.php\/wp-json\/wp\/v2\/product\/651\/revisions"}],"wp:featuredmedia":[{"embeddable":true,"href":"https:\/\/roulettes.vaniseo.top\/index.php\/wp-json\/wp\/v2\/media\/2324"}],"wp:attachment":[{"href":"https:\/\/roulettes.vaniseo.top\/index.php\/wp-json\/wp\/v2\/media?parent=651"}],"wp:term":[{"taxonomy":"product_cat","embeddable":true,"href":"https:\/\/roulettes.vaniseo.top\/index.php\/wp-json\/wp\/v2\/product_cat?post=651"},{"taxonomy":"product_tag","embeddable":true,"href":"https:\/\/roulettes.vaniseo.top\/index.php\/wp-json\/wp\/v2\/product_tag?post=651"}],"curies":[{"name":"wp","href":"https:\/\/api.w.org\/{rel}","templated":true}]}}