{"id":652,"date":"2022-04-04T16:22:23","date_gmt":"2022-04-04T14:22:23","guid":{"rendered":"https:\/\/roulettes.vaniseo.top\/index.php\/produit\/patere-ronde-polyresine-blanc-mat-wenko\/"},"modified":"2022-04-04T17:22:57","modified_gmt":"2022-04-04T15:22:57","slug":"patere-ronde-polyresine-blanc-mat-wenko","status":"publish","type":"product","link":"https:\/\/roulettes.vaniseo.top\/index.php\/produit\/patere-ronde-polyresine-blanc-mat-wenko\/","title":{"rendered":"Pat\u00e8re ronde polyr\u00e9sine blanc mat WENKO"},"content":{"rendered":"<h3>Pat\u00e8re en polyr\u00e9sine, ronde blanche matte Wenko<\/h3>\n<p>_x000D_n<\/p>\n<div class=\"woocommerce-tabs wc-tabs-wrapper\">_x000D_n<\/p>\n<div id=\"tab-description\" class=\"woocommerce-Tabs-panel woocommerce-Tabs-panel--description panel entry-content wc-tab\" role=\"tabpanel\" aria-labelledby=\"tab-title-description\">_x000D_n_x000D_n<strong>1001 Pat\u00e8res<\/strong> vous fait d\u00e9couvrir toutes les <strong>informations techniques et d\u00e9coratives<\/strong> concernant cette <strong>pat\u00e8re ronde polyr\u00e9sine blanc mat<\/strong>. Celle-ci est de la marque <strong>Wenko<\/strong>._x000D_n_x000D_n<a href=\"https:\/\/1001pateres.com\/brand\/wenko\/\">Wenko<\/a> fait partie des <strong>marques internationales<\/strong> choisies par 1001 Pat\u00e8res pour vous garantir du choix, de la qualit\u00e9 et de la modernit\u00e9 sur le site. Ainsi, vous disposez de styles vari\u00e9s mais toujours au <strong>meilleur rapport qualit\u00e9 prix<\/strong>. C\u2019est gr\u00e2ce \u00e0 cela que 1001 Pat\u00e8res est cette ann\u00e9e encore <strong>n\u00b01 des ventes en ligne de pat\u00e8res et porte manteaux<\/strong> en France._x000D_n_x000D_nAinsi, la marque\u00a0<a href=\"https:\/\/www.wenko.com\/fr\/entreprise\" target=\"_blank\" rel=\"noopener\">WENKO<\/a> est <strong>allemande<\/strong>. Elle offre essentiellement de la d\u00e9co et des outils ing\u00e9nieux pour la maison. 1001 Pat\u00e8res vend donc leurs pat\u00e8res, jusqu\u2019alors surtout d\u00e9di\u00e9es \u00e0 l&rsquo;univers de la salle de bain._x000D_n_x000D_n&nbsp;_x000D_n<\/p>\n<h3>Pat\u00e8re ronde polyr\u00e9sine blanc mat<\/h3>\n<p>_x000D_nMais, ici, avec cette pat\u00e8re en polyr\u00e9sine, elle s&rsquo;ouvre \u00e0 une toute nouvelle client\u00e8le. Cette pat\u00e8re ronde est id\u00e9ale pour suspendre autant des accessoires, que des vestes ou des manteaux au mur. Le fait d\u2019\u00eatre en polyr\u00e9sine lui permet aussi d\u2019<strong>accueillir de r\u00e9sister \u00e0 l&rsquo;humidit\u00e9.\u00a0<\/strong>Ainsi, vous l\u2019utiliserez aussi bien dans une <strong>entr\u00e9e<\/strong> que dans une <strong>salle de bain<\/strong> ou une cuisine._x000D_n_x000D_nEnfin, ses <strong>dimensions<\/strong> sont de:_x000D_n<\/p>\n<ul>_x000D_n \t<\/p>\n<li>Diam\u00e8tre : 5 cm<\/li>\n<p>_x000D_n \t<\/p>\n<li>Ecartement du mur : 4 cm<\/li>\n<p>_x000D_n<\/ul>\n<p>_x000D_nPour finir, c\u00f4t\u00e9 installation, la vis est fournie, vous n\u2019aurez besoin que d\u2019un tournevis ou perceuse pour un r\u00e9sultat rapide et facile au mur._x000D_n_x000D_nNotre derni\u00e8re astuce est toujours de la d\u00e9multiplier pour maximiser son effet. Variez pourquoi pas les coloris, en choisissant parmi ceux de la collection: noir mat, terrazzo, blanc mat, vert menthe, et <a href=\"https:\/\/1001pateres.com\/produit\/patere-ronde-polyresine-marbre-paillete-wenko\/\">marbre paillet\u00e9<\/a>._x000D_n_x000D_nD\u00e8s maintenant, passez commande ou posez nous vos questions via le formulaire en page Contact. Un devis au meilleur prix peut \u00eatre chiffr\u00e9 en cas de commande en d\u2019importantes quantit\u00e9s._x000D_n_x000D_n<\/div>\n<p>_x000D_n<\/p><\/div>\n","protected":false},"excerpt":{"rendered":"<p>Jolie pat\u00e8re ronde en polyr\u00e9sine tendance de couleur <strong>blanc\u00a0mat<\/strong> et\u00a0de la marque\u00a0<em><strong>WENKO<\/strong><\/em> id\u00e9ale pour accrocher serviettes, manteaux ou torchons.\u00a0Ce porte-manteau ultra r\u00e9sistant sera id\u00e9ale dans les pi\u00e8ces humides ou dans l&rsquo;entr\u00e9e pour ne plus voir trainer les v\u00eatements et rester sobre. A acheter par deux ou trois pour plus de design.<\/p>\n","protected":false},"featured_media":2327,"comment_status":"closed","ping_status":"open","template":"","meta":[],"product_cat":[29,19,20,32,21,22,17,23],"product_tag":[26],"class_list":["post-652","product","type-product","status-publish","has-post-thumbnail","hentry","product_cat-chambre-adulte","product_cat-collectivite","product_cat-cuisine","product_cat-entree-sejour","product_cat-entreprise","product_cat-pro","product_cat-salle-de-bain","product_cat-toilette-wc","product_tag-crochet-patere-patere-design-patere-murale-patere-porte-pateres-porte-serviette-porte-torchon","description-off"],"_links":{"self":[{"href":"https:\/\/roulettes.vaniseo.top\/index.php\/wp-json\/wp\/v2\/product\/652","targetHints":{"allow":["GET"]}}],"collection":[{"href":"https:\/\/roulettes.vaniseo.top\/index.php\/wp-json\/wp\/v2\/product"}],"about":[{"href":"https:\/\/roulettes.vaniseo.top\/index.php\/wp-json\/wp\/v2\/types\/product"}],"replies":[{"embeddable":true,"href":"https:\/\/roulettes.vaniseo.top\/index.php\/wp-json\/wp\/v2\/comments?post=652"}],"version-history":[{"count":0,"href":"https:\/\/roulettes.vaniseo.top\/index.php\/wp-json\/wp\/v2\/product\/652\/revisions"}],"wp:featuredmedia":[{"embeddable":true,"href":"https:\/\/roulettes.vaniseo.top\/index.php\/wp-json\/wp\/v2\/media\/2327"}],"wp:attachment":[{"href":"https:\/\/roulettes.vaniseo.top\/index.php\/wp-json\/wp\/v2\/media?parent=652"}],"wp:term":[{"taxonomy":"product_cat","embeddable":true,"href":"https:\/\/roulettes.vaniseo.top\/index.php\/wp-json\/wp\/v2\/product_cat?post=652"},{"taxonomy":"product_tag","embeddable":true,"href":"https:\/\/roulettes.vaniseo.top\/index.php\/wp-json\/wp\/v2\/product_tag?post=652"}],"curies":[{"name":"wp","href":"https:\/\/api.w.org\/{rel}","templated":true}]}}