{"id":653,"date":"2022-04-04T16:22:23","date_gmt":"2022-04-04T14:22:23","guid":{"rendered":"https:\/\/roulettes.vaniseo.top\/index.php\/produit\/crochet-pour-douche-en-verre-a-poser-wenko\/"},"modified":"2022-04-04T17:22:58","modified_gmt":"2022-04-04T15:22:58","slug":"crochet-pour-douche-en-verre-a-poser-wenko","status":"publish","type":"product","link":"https:\/\/roulettes.vaniseo.top\/index.php\/produit\/crochet-pour-douche-en-verre-a-poser-wenko\/","title":{"rendered":"Crochet pour douche en verre \u00e0 poser, WENKO"},"content":{"rendered":"<h3>Pat\u00e8re pour paroi de douche en verre WENKO<\/h3>\n<p>_x000D_n1001 Pat\u00e8res vous propose de d\u00e9couvrir ici une nouvelle <strong>pat\u00e8re pour paroi en verre<\/strong>. En effet, ce <strong>crochet pour douche en verre<\/strong> est de la marque <strong>WENKO<\/strong>._x000D_n_x000D_n1001 Pat\u00e8res vous proposait d\u00e9j\u00e0 ce type de produit, voir la <a href=\"https:\/\/1001pateres.com\/produit\/pateres-double-pour-paroi-de-verre-de-douche-wenko\/\">pat\u00e8re double pour paroi de verre de douche<\/a> \u00e9galement de chez <strong>WENKO<\/strong>._x000D_n_x000D_nAvec ce nouveau mod\u00e8le, vous n&rsquo;utilisez qu&rsquo;un c\u00f4t\u00e9 de la porte en verre comme nouveau mur pour <strong>accrocher v\u00eatements et serviettes<\/strong>. C&rsquo;est vraiment l&rsquo;id\u00e9al quand vous ne pouvez ou ne voulez <strong>pas percer<\/strong> les murs de votre salle de bain. Et quel <strong>gain de place<\/strong>! \u00a0Et quel p<strong>laisir d&rsquo;avoir sa serviette avec soi dans son espace de douche, au chaud<\/strong>. Plus besoin d&rsquo;ouvrir la porte pour la r\u00e9cup\u00e9rer, laissant alors toute la vapeur chaude se disperser pour laisser place \u00e0 un courant d&rsquo;air froid. Non, l\u00e0, vous restez au chaud pour vous s\u00e9cher, avec une serviette \u00e0 disposition. Evidemment, cela est possible dans une grande cabine de douche o\u00f9 l&rsquo;eau n&rsquo;atteint pas la porte&#8230;_x000D_n_x000D_nBien s\u00fbr, on parle de douche mais cela est aussi possible sur une <strong>paroi en verre de baignoire<\/strong>&#8230;_x000D_n_x000D_n&nbsp;_x000D_n<\/p>\n<h3>Crochet pour douche en verre mais aussi pour le reste de la maison<\/h3>\n<p>_x000D_nPar ailleurs, on notera que ce crochet pour douche en verre \u00e0 poser est bien s\u00fbr inoxydable et suffisamment robuste pour accueillir le poids d&rsquo;une serviette de bain. Pensez \u00e0 vous l&rsquo;offrir <strong>en plusieurs quantit\u00e9s<\/strong> pour que chaque membre de la famille jouisse du m\u00eame plaisir&#8230;sans vous prendre votre propre crochet!_x000D_n_x000D_nEnfin, si vous d\u00e9tenez dans une <strong>autre zone de la maison<\/strong>, par exemple la <strong>cuisine<\/strong>, une paroi fragile mais \u00e9paisse de 6 \u00e0 10mm (voir dimensions ci dessous), vous pourrez aussi l&rsquo;utiliser comme nouveau crochet de rangement._x000D_n_x000D_n<strong>Dimensions<\/strong>:_x000D_n<\/p>\n<ul>_x000D_n \t<\/p>\n<li>Epaisseur de paroi de verre maxi de 6 mm \u00e0 10 mm<\/li>\n<p>_x000D_n \t<\/p>\n<li>Hauteur: 13 cm<\/li>\n<p>_x000D_n \t<\/p>\n<li>Ecartement de la paroi: 3 cm<\/li>\n<p>_x000D_n<\/ul>\n<p>_x000D_nPour toute question compl\u00e9mentaire, ou pour une demande de devis en d&rsquo;importante quantit\u00e9, n&rsquo;h\u00e9sitez pas \u00e0 nous \u00e9crire en page Contact de ce site.<\/p>\n","protected":false},"excerpt":{"rendered":"<p>Pat\u00e8re simple tendance en acier inoxydable \u00e0 poser sur les parois de verre de douche ou de baignoire\u00a0et\u00a0de la marque\u00a0<em><strong>WENKO<\/strong><\/em> indispensable dans une salle de bain pour accrocher serviettes ou v\u00eatements.\u00a0Ce porte-manteau ultra r\u00e9sistant sera id\u00e9ale dans les pi\u00e8ces humides. A acheter par deux ou trois pour plus de rangement.<\/p>\n","protected":false},"featured_media":2330,"comment_status":"closed","ping_status":"open","template":"","meta":[],"product_cat":[17],"product_tag":[26],"class_list":["post-653","product","type-product","status-publish","has-post-thumbnail","hentry","product_cat-salle-de-bain","product_tag-crochet-patere-patere-design-patere-murale-patere-porte-pateres-porte-serviette-porte-torchon","description-off"],"_links":{"self":[{"href":"https:\/\/roulettes.vaniseo.top\/index.php\/wp-json\/wp\/v2\/product\/653","targetHints":{"allow":["GET"]}}],"collection":[{"href":"https:\/\/roulettes.vaniseo.top\/index.php\/wp-json\/wp\/v2\/product"}],"about":[{"href":"https:\/\/roulettes.vaniseo.top\/index.php\/wp-json\/wp\/v2\/types\/product"}],"replies":[{"embeddable":true,"href":"https:\/\/roulettes.vaniseo.top\/index.php\/wp-json\/wp\/v2\/comments?post=653"}],"version-history":[{"count":0,"href":"https:\/\/roulettes.vaniseo.top\/index.php\/wp-json\/wp\/v2\/product\/653\/revisions"}],"wp:featuredmedia":[{"embeddable":true,"href":"https:\/\/roulettes.vaniseo.top\/index.php\/wp-json\/wp\/v2\/media\/2330"}],"wp:attachment":[{"href":"https:\/\/roulettes.vaniseo.top\/index.php\/wp-json\/wp\/v2\/media?parent=653"}],"wp:term":[{"taxonomy":"product_cat","embeddable":true,"href":"https:\/\/roulettes.vaniseo.top\/index.php\/wp-json\/wp\/v2\/product_cat?post=653"},{"taxonomy":"product_tag","embeddable":true,"href":"https:\/\/roulettes.vaniseo.top\/index.php\/wp-json\/wp\/v2\/product_tag?post=653"}],"curies":[{"name":"wp","href":"https:\/\/api.w.org\/{rel}","templated":true}]}}