{"id":654,"date":"2022-04-04T16:22:23","date_gmt":"2022-04-04T14:22:23","guid":{"rendered":"https:\/\/roulettes.vaniseo.top\/index.php\/produit\/patere-ronde-polyresine-vert-menthe-wenko\/"},"modified":"2022-04-04T17:22:58","modified_gmt":"2022-04-04T15:22:58","slug":"patere-ronde-polyresine-vert-menthe-wenko","status":"publish","type":"product","link":"https:\/\/roulettes.vaniseo.top\/index.php\/produit\/patere-ronde-polyresine-vert-menthe-wenko\/","title":{"rendered":"Pat\u00e8re ronde polyr\u00e9sine vert menthe WENKO"},"content":{"rendered":"<h3>Pat\u00e8re ronde\u00a0verte menthe mat WENKO<\/h3>\n<p>_x000D_nAvec le n\u00b01 \u00a0de la vente en ligne de pat\u00e8re et porte manteau, 1001 Pat\u00e8res, d\u00e9couvrez ici la version de\u00a0<strong>pat\u00e8re\u00a0ronde en polyr\u00e9sine vert menthe mat<\/strong>. Une collection sign\u00e9e de la marque allemande WENKO._x000D_n_x000D_nComme vous le savez sans doute, <strong>1001 Pat\u00e8res<\/strong>\u00a0s\u00e9lectionne de nombreuses marques internationales de renom pour vous\u00a0garantir choix et style, le tout dans un <strong>rapport qualit\u00e9 prix\u00a0<\/strong><b>incroyable<\/b>._x000D_n_x000D_nAinsi, sur cette page, vous allez pouvoir en savoir plus sur l&rsquo;une des r\u00e9f\u00e9rences de\u00a0<strong>la collection de pat\u00e8re ronde polyr\u00e9sine WENKO<\/strong>. Sur notre site, il est possible de la retrouver en plusieurs<strong>\u00a0coloris<\/strong>: noir mat, terrazzo, blanc mat, vert menthe, et <a href=\"https:\/\/1001pateres.com\/produit\/patere-ronde-polyresine-marbre-paillete-wenko\/\">marbre paillet\u00e9<\/a>._x000D_n_x000D_nCelle-ci comme la majorit\u00e9, ont des\u00a0<strong>dimensions <\/strong>de:_x000D_n<\/p>\n<ul>_x000D_n \t<\/p>\n<li>Diam\u00e8tre : 8 cm<\/li>\n<p>_x000D_n \t<\/p>\n<li>Ecartement du mur : 4 cm<\/li>\n<p>_x000D_n<\/ul>\n<p>_x000D_n&nbsp;_x000D_n<\/p>\n<h3>Installer la pat\u00e8re ronde polyr\u00e9sine vert menthe mat<\/h3>\n<p>_x000D_nPar ailleurs, il vous reste seulement \u00e0 choisir d\u00e8s maintenant sur quelle pi\u00e8ce et sur quel mur la fixer. Et pour cela, nous pouvons vous aider&#8230;_x000D_n_x000D_nAinsi, pour le choix du mur, optez pour un fond de la m\u00eame harmonie, ou avec des touches de verte menthe. Comme ci-contre, le contraste d&rsquo;un produit flashy sur un mur sombre est une technique qui permet toujours de valoriser votre objet._x000D_n_x000D_nEt, c\u00f4t\u00e9 pi\u00e8ce, cette pat\u00e8re ronde polyr\u00e9sine verte est un passe-partout! Gr\u00e2ce \u00e0 sa polyr\u00e9sine, celle-ci est <strong>r\u00e9sistante<\/strong>\u00a0\u00e0 l\u2019eau. La pat\u00e8re supporte donc compl\u00e8tement d&rsquo;\u00eatre utilis\u00e9e dans une cuisine, un bureau, une salle de bain, des toilettes ou dans votre entr\u00e9e._x000D_n_x000D_nEnfin, toutes les pat\u00e8res de cette collection sont livr\u00e9es avec leur vis. Il est donc rapide et facile de la fixer au mur, \u00e0 l&rsquo;aide de votre perceuse et d\u2019un tournevis. Vous avez le plaisir de profiter d&rsquo;un produit \u00e0 l&rsquo;installation<strong>\u00a0rapide et facile.<\/strong>_x000D_n_x000D_nBref, un v\u00e9ritable passe partout, solide et facile d\u2019installation.<\/p>\n","protected":false},"excerpt":{"rendered":"<p>Jolie pat\u00e8re ronde en polyr\u00e9sine tendance de couleur <strong>vert menthe\u00a0mat<\/strong> et\u00a0de la marque\u00a0<em><strong>WENKO<\/strong><\/em> id\u00e9ale pour accrocher serviettes, manteaux ou torchons.\u00a0Ce porte-manteau ultra r\u00e9sistant sera id\u00e9ale dans les pi\u00e8ces humides ou dans l&rsquo;entr\u00e9e pour ne plus voir trainer les v\u00eatements et rester discret. A acheter par deux ou trois pour plus de design.<\/p>\n","protected":false},"featured_media":2333,"comment_status":"closed","ping_status":"open","template":"","meta":[],"product_cat":[29,20,32,17,23],"product_tag":[26],"class_list":["post-654","product","type-product","status-publish","has-post-thumbnail","hentry","product_cat-chambre-adulte","product_cat-cuisine","product_cat-entree-sejour","product_cat-salle-de-bain","product_cat-toilette-wc","product_tag-crochet-patere-patere-design-patere-murale-patere-porte-pateres-porte-serviette-porte-torchon","description-off"],"_links":{"self":[{"href":"https:\/\/roulettes.vaniseo.top\/index.php\/wp-json\/wp\/v2\/product\/654","targetHints":{"allow":["GET"]}}],"collection":[{"href":"https:\/\/roulettes.vaniseo.top\/index.php\/wp-json\/wp\/v2\/product"}],"about":[{"href":"https:\/\/roulettes.vaniseo.top\/index.php\/wp-json\/wp\/v2\/types\/product"}],"replies":[{"embeddable":true,"href":"https:\/\/roulettes.vaniseo.top\/index.php\/wp-json\/wp\/v2\/comments?post=654"}],"version-history":[{"count":0,"href":"https:\/\/roulettes.vaniseo.top\/index.php\/wp-json\/wp\/v2\/product\/654\/revisions"}],"wp:featuredmedia":[{"embeddable":true,"href":"https:\/\/roulettes.vaniseo.top\/index.php\/wp-json\/wp\/v2\/media\/2333"}],"wp:attachment":[{"href":"https:\/\/roulettes.vaniseo.top\/index.php\/wp-json\/wp\/v2\/media?parent=654"}],"wp:term":[{"taxonomy":"product_cat","embeddable":true,"href":"https:\/\/roulettes.vaniseo.top\/index.php\/wp-json\/wp\/v2\/product_cat?post=654"},{"taxonomy":"product_tag","embeddable":true,"href":"https:\/\/roulettes.vaniseo.top\/index.php\/wp-json\/wp\/v2\/product_tag?post=654"}],"curies":[{"name":"wp","href":"https:\/\/api.w.org\/{rel}","templated":true}]}}