{"id":655,"date":"2022-04-04T16:22:23","date_gmt":"2022-04-04T14:22:23","guid":{"rendered":"https:\/\/roulettes.vaniseo.top\/index.php\/produit\/patere-pour-bar-restaurant-crochet-double-dore\/"},"modified":"2022-04-04T17:22:59","modified_gmt":"2022-04-04T15:22:59","slug":"patere-pour-bar-restaurant-crochet-double-dore","status":"publish","type":"product","link":"https:\/\/roulettes.vaniseo.top\/index.php\/produit\/patere-pour-bar-restaurant-crochet-double-dore\/","title":{"rendered":"Pat\u00e8re pour bar restaurant crochet double dor\u00e9"},"content":{"rendered":"<h3>Crochet double pour restaurant et bar dor\u00e9<\/h3>\n<p>_x000D_n1001 Pat\u00e8res vous propose pour une fois un produit qui se veut plus professionnel. Bien s\u00fbr, comme nos produits pour particulier, tous peuvent se l&rsquo;offrir. Ici, il s&rsquo;agit d&rsquo;une <strong>pat\u00e8re pour bar restaurant \u00e0 crochet double dor\u00e9<\/strong>._x000D_n_x000D_nEn effet, 1001 Pat\u00e8res est le n\u00b01 en France de la vente en ligne de porte manteaux et pat\u00e8res pour particulier et professionnel. Ainsi, gr\u00e2ce \u00e0 une s\u00e9lection de produits chez diff\u00e9rentes marques et designers internationaux, vous disposez ici de choix de style, le tout dans un rapport qualit\u00e9 prix parfait._x000D_n_x000D_nD\u00e9couvrez de nombreux autres produits tr\u00e8s adapt\u00e9s au milieu professionnel dans une page d\u00e9di\u00e9e au <a href=\"https:\/\/1001pateres.com\/univers\/entreprise\/\">PRO<\/a>._x000D_n_x000D_n&nbsp;_x000D_n<\/p>\n<h3>Pat\u00e8re pour bar restaurant crochet double dor\u00e9<\/h3>\n<p>_x000D_nCi-contre, il s&rsquo;agit donc d&rsquo;une <strong>pat\u00e8re double de style vestiaire dor\u00e9<\/strong>. Elle est constitu\u00e9e d&rsquo;un <strong>alliage de m\u00e9tal<\/strong> id\u00e9al pour bar ou restaurant. <strong>Id\u00e9al<\/strong> car le brillant du dor\u00e9 compl\u00e8te la <strong>d\u00e9coration chic et discr\u00e8te<\/strong> de votre espace, tout en optant pour un produit <strong>intemporel<\/strong>. De plus, l&rsquo;alliage de m\u00e9tal rend le <strong>produit robuste<\/strong> et donc <strong>r\u00e9sistant<\/strong> \u00e0 une utilisation continue et intense. Enfin, de part ses lignes minimalistes, il sera <strong>facile de nettoyer les crochets soigneusement<\/strong> sans effacer la couleur dor\u00e9e._x000D_n_x000D_nC\u00f4t\u00e9 installation, veuillez tenir compte de ses <strong>dimensions<\/strong> de:_x000D_n<\/p>\n<ul>_x000D_n \t<\/p>\n<li>Base 1,7 cm x 4,5 cm<\/li>\n<p>_x000D_n \t<\/p>\n<li>Hauteur 8,5 cm<\/li>\n<p>_x000D_n \t<\/p>\n<li>Ecartement du mur en bas 3 cm, en haut 5,5 cm<\/li>\n<p>_x000D_n<\/ul>\n<p>_x000D_nVous pourrez ainsi anticiper son installation en de multiples endroits de votre bar et restaurant. Vous garantirez ainsi \u00e0 vos clients une solution simple et efficace pour leurs vestes et leurs sacs. Le fait d&rsquo;ailleurs d&rsquo;opter pour un crochet double permet de vous assurer d&rsquo;offrir une solution compacte efficace pour chaque client. Il disposera en effet de suffisamment de place rien que pour lui et n&rsquo;utilisera plus le dossier de sa chaise._x000D_n_x000D_nDe plus, 1001 Pat\u00e8res <strong>inclut vis et chevilles<\/strong> dans la livraison avec chaque pat\u00e8re pour bar restaurant \u00e0 crochet double. Deux inserts, donc deux vis sont li\u00e9es \u00e0 ce produit. Il vous faudra vous munir d&rsquo;une perceuse.<\/p>\n","protected":false},"excerpt":{"rendered":"<p>Belle pat\u00e8re double tendance de couleur <strong>dor\u00e9 brillant<\/strong>\u00a0\u00e0 fixer sur support en bois ou sur un mur\u00a0id\u00e9ale pour accrocher sacs, manteaux ou chapeaux.\u00a0Ce porte-manteau ultra r\u00e9sistant sera id\u00e9ale dans les bars et restaurants pour ne plus avoir ses v\u00eatements sur le dos de la chaise. A acheter par deux ou trois pour plus de design.<\/p>\n","protected":false},"featured_media":2336,"comment_status":"closed","ping_status":"open","template":"","meta":[],"product_cat":[20,32,21,22,17,23],"product_tag":[26],"class_list":["post-655","product","type-product","status-publish","has-post-thumbnail","hentry","product_cat-cuisine","product_cat-entree-sejour","product_cat-entreprise","product_cat-pro","product_cat-salle-de-bain","product_cat-toilette-wc","product_tag-crochet-patere-patere-design-patere-murale-patere-porte-pateres-porte-serviette-porte-torchon","description-off"],"_links":{"self":[{"href":"https:\/\/roulettes.vaniseo.top\/index.php\/wp-json\/wp\/v2\/product\/655","targetHints":{"allow":["GET"]}}],"collection":[{"href":"https:\/\/roulettes.vaniseo.top\/index.php\/wp-json\/wp\/v2\/product"}],"about":[{"href":"https:\/\/roulettes.vaniseo.top\/index.php\/wp-json\/wp\/v2\/types\/product"}],"replies":[{"embeddable":true,"href":"https:\/\/roulettes.vaniseo.top\/index.php\/wp-json\/wp\/v2\/comments?post=655"}],"version-history":[{"count":0,"href":"https:\/\/roulettes.vaniseo.top\/index.php\/wp-json\/wp\/v2\/product\/655\/revisions"}],"wp:featuredmedia":[{"embeddable":true,"href":"https:\/\/roulettes.vaniseo.top\/index.php\/wp-json\/wp\/v2\/media\/2336"}],"wp:attachment":[{"href":"https:\/\/roulettes.vaniseo.top\/index.php\/wp-json\/wp\/v2\/media?parent=655"}],"wp:term":[{"taxonomy":"product_cat","embeddable":true,"href":"https:\/\/roulettes.vaniseo.top\/index.php\/wp-json\/wp\/v2\/product_cat?post=655"},{"taxonomy":"product_tag","embeddable":true,"href":"https:\/\/roulettes.vaniseo.top\/index.php\/wp-json\/wp\/v2\/product_tag?post=655"}],"curies":[{"name":"wp","href":"https:\/\/api.w.org\/{rel}","templated":true}]}}