{"id":656,"date":"2022-04-04T16:22:27","date_gmt":"2022-04-04T14:22:27","guid":{"rendered":"https:\/\/roulettes.vaniseo.top\/index.php\/produit\/patere-bouton-ceramique-decor-femme-wenko\/"},"modified":"2022-04-04T17:23:01","modified_gmt":"2022-04-04T15:23:01","slug":"patere-bouton-ceramique-decor-femme-wenko","status":"publish","type":"product","link":"https:\/\/roulettes.vaniseo.top\/index.php\/produit\/patere-bouton-ceramique-decor-femme-wenko\/","title":{"rendered":"Patere bouton c\u00e9ramique d\u00e9cor femme WENKO"},"content":{"rendered":"<h2>Porte manteau bouton en c\u00e9ramique avec illustration d\u2019une femme, WENKO<\/h2>\n<p>_x000D_nEnvie d\u2019un d\u00e9co r\u00e9tro sympa?! 1001 Pat\u00e8res pr\u00e9sente ici une\u00a0<strong>patere bouton c\u00e9ramique<\/strong> avec le d\u00e9cor d\u2019une femme en\u00a0surface. C&rsquo;est le mod\u00e8le <strong>ARLES<\/strong> de la marque allemande\u00a0<strong>WENKO<\/strong>._x000D_n_x000D_nComme \u00e0 son habitude, 1001 Pat\u00e8res s&rsquo;amuse \u00e0 vous proposer de nombreuses pat\u00e8res extra-ordinaires. N\u00b01 en France de la vente en ligne de pat\u00e8re et porte manteau, le site s\u00e9lectionne pour vous, le meilleur de l&rsquo;offre de chacun de ses fournisseurs internationaux, et\u00a0<a href=\"https:\/\/1001pateres.com\/brand\/WENKO\/\">WENKO<\/a> en fait ind\u00e9niablement parti._x000D_n_x000D_nEn effet, les r\u00e9f\u00e9rences WENKO sont <strong>robustes<\/strong>, souvent r\u00e9sistantes \u00e0 l&rsquo;eau. Leurs installations sont toujours<strong>\u00a0faciles<\/strong>._x000D_n_x000D_n&nbsp;_x000D_n<\/p>\n<h3>Patere bouton c\u00e9ramique d\u00e9cor femme<\/h3>\n<p>_x000D_nAinsi, ici, la r\u00e9f\u00e9rence Arles propose donc un <strong>porte manteau rond type bouton<\/strong>. De couleur <strong>blanche<\/strong>, celui-ci est en <strong>c\u00e9ramique<\/strong>. L\u2019<strong>illustration r\u00e9tro<\/strong> permet v\u00e9ritablement d\u2019\u00eatre utiliser <strong>par toutes les femmes de la\u00a0maison, maman, adolescente ou petite fille<\/strong>. Elle conviendra donc tr\u00e8s bien dans une chambre, une salle de bain ou une entr\u00e9e._x000D_n_x000D_nCette r\u00e9f\u00e9rence est aussi disponible avec une illustration d&rsquo;<a href=\"https:\/\/1001pateres.com\/produit\/patere-bouton-ceramique-decor-homme-wenko\/\">homme<\/a>. Ainsi, madame comme monsieur auront d\u00e9sormais leurs propres boutons r\u00e9tro!_x000D_n_x000D_n&nbsp;_x000D_n_x000D_nPetite astuce 1001 Pat\u00e8res par ailleurs, pensez \u00e0 la d\u00e9multiplier pour ranger de mani\u00e8re optimale et vraiment la valoriser. Pour cela, offrez-vous en plusieurs \u00e0 installer<strong>\u00a0sur une m\u00eame ligne<\/strong> d\u2019un pan de mur. En tenant compte des dimensions qui suivent pour pourrez ainsi calculer combien vous pourrez en utiliser, \u00e0 intervalles r\u00e9guliers:_x000D_n<\/p>\n<ul>_x000D_n \t<\/p>\n<li>Diam\u00e8tre: 6 cm<\/li>\n<p>_x000D_n \t<\/p>\n<li>Ecartement du mur: 4,5 cm<\/li>\n<p>_x000D_n<\/ul>\n<p>_x000D_nEnfin, comme vous le constaterez sur les images ci-contre,<strong> vis et quincaillerie sont incluses<\/strong>. Vous n\u2019aurez qu\u2019\u00e0 sortir votre perceuse! Vous verrez le syst\u00e8me d\u2019accrochage est sans surprise, simple. Il vous permet d\u2019en profiter rapidement._x000D_n_x000D_nN\u2019h\u00e9sitez pas \u00e0 nous contacter en cas de questions compl\u00e9mentaires sur cette patere bouton c\u00e9ramique femme ou pour toute commande en d\u2019importante quantit\u00e9, via le formulaire de la page Contact de ce site.<\/p>\n","protected":false},"excerpt":{"rendered":"<p>Jolie pat\u00e8re ronde en c\u00e9ramique r\u00e9tro et tendance de couleur blanc avec un<strong> d\u00e9cor de femme<\/strong> et\u00a0de la marque\u00a0<em><strong>WENKO<\/strong><\/em> id\u00e9ale pour accrocher serviettes, manteaux ou sacs.\u00a0Ce porte-manteau ultra r\u00e9sistant sera id\u00e9ale dans le dressing de madame ou les toilettes pour ne plus voir trainer les v\u00eatements. A acheter par deux ou trois pour plus de design.<\/p>\n","protected":false},"featured_media":2339,"comment_status":"closed","ping_status":"open","template":"","meta":[],"product_cat":[29,19,21,22,17,23],"product_tag":[26],"class_list":["post-656","product","type-product","status-publish","has-post-thumbnail","hentry","product_cat-chambre-adulte","product_cat-collectivite","product_cat-entreprise","product_cat-pro","product_cat-salle-de-bain","product_cat-toilette-wc","product_tag-crochet-patere-patere-design-patere-murale-patere-porte-pateres-porte-serviette-porte-torchon","description-off"],"_links":{"self":[{"href":"https:\/\/roulettes.vaniseo.top\/index.php\/wp-json\/wp\/v2\/product\/656","targetHints":{"allow":["GET"]}}],"collection":[{"href":"https:\/\/roulettes.vaniseo.top\/index.php\/wp-json\/wp\/v2\/product"}],"about":[{"href":"https:\/\/roulettes.vaniseo.top\/index.php\/wp-json\/wp\/v2\/types\/product"}],"replies":[{"embeddable":true,"href":"https:\/\/roulettes.vaniseo.top\/index.php\/wp-json\/wp\/v2\/comments?post=656"}],"version-history":[{"count":0,"href":"https:\/\/roulettes.vaniseo.top\/index.php\/wp-json\/wp\/v2\/product\/656\/revisions"}],"wp:featuredmedia":[{"embeddable":true,"href":"https:\/\/roulettes.vaniseo.top\/index.php\/wp-json\/wp\/v2\/media\/2339"}],"wp:attachment":[{"href":"https:\/\/roulettes.vaniseo.top\/index.php\/wp-json\/wp\/v2\/media?parent=656"}],"wp:term":[{"taxonomy":"product_cat","embeddable":true,"href":"https:\/\/roulettes.vaniseo.top\/index.php\/wp-json\/wp\/v2\/product_cat?post=656"},{"taxonomy":"product_tag","embeddable":true,"href":"https:\/\/roulettes.vaniseo.top\/index.php\/wp-json\/wp\/v2\/product_tag?post=656"}],"curies":[{"name":"wp","href":"https:\/\/api.w.org\/{rel}","templated":true}]}}