{"id":657,"date":"2022-04-04T16:22:27","date_gmt":"2022-04-04T14:22:27","guid":{"rendered":"https:\/\/roulettes.vaniseo.top\/index.php\/produit\/patere-ronde-polyresine-marbre-paillete-wenko\/"},"modified":"2022-04-04T17:23:02","modified_gmt":"2022-04-04T15:23:02","slug":"patere-ronde-polyresine-marbre-paillete-wenko","status":"publish","type":"product","link":"https:\/\/roulettes.vaniseo.top\/index.php\/produit\/patere-ronde-polyresine-marbre-paillete-wenko\/","title":{"rendered":"Pat\u00e8re ronde polyr\u00e9sine marbre paillet\u00e9 WENKO"},"content":{"rendered":"<h3>Pat\u00e8re ronde couleur marbre paillet\u00e9 WENKO<\/h3>\n<p>_x000D_nLa marque allemande WENKO est encore ici celle choisie par <strong>1001 Pat\u00e8res<\/strong> pour une promesse de pat\u00e8re moderne offrant clart\u00e9 et style. Ici, d\u00e9couvrez la version de\u00a0<strong>pat\u00e8re\u00a0ronde en polyr\u00e9sine marbre paillet\u00e9.<\/strong>_x000D_n_x000D_nComme vous le savez sans doute, <strong>1001 Pat\u00e8res<\/strong> est le site<strong> N\u00b01 en France de vente en ligne<\/strong> de pat\u00e8res et porte-manteaux. En achetant ici, vous avez la garantie du choix et du style, le tout dans un <strong>rapport qualit\u00e9 prix\u00a0<\/strong><b>incroyable<\/b>. Ainsi, ci-contre, il est question de compl\u00e9ter <strong>la collection de pat\u00e8re ronde polyr\u00e9sine WENKO<\/strong>. Sur notre site, il est possible de la retrouver dans les<strong> coloris suivants<\/strong>: noir mat, <a href=\"https:\/\/1001pateres.com\/produit\/patere-ronde-polyresine-terrazzo-wenko\/\">terrazzo<\/a>, blanc mat, vert menthe, et marbre paillet\u00e9._x000D_n_x000D_nCelle-ci est de\u00a0<strong>dimensions<\/strong>:_x000D_n<\/p>\n<ul>_x000D_n \t<\/p>\n<li>Diam\u00e8tre: 5 cm<\/li>\n<p>_x000D_n \t<\/p>\n<li>Ecartement du mur: 3,7 cm<\/li>\n<p>_x000D_n<\/ul>\n<p>_x000D_n&nbsp;_x000D_n<\/p>\n<h3>Installation de la pat\u00e8re ronde polyr\u00e9sine marbre paillet\u00e9<\/h3>\n<p>_x000D_nPar ailleurs, toutes les pat\u00e8res de cette collection sont livr\u00e9es avec leur vis. Vous n&rsquo;avez qu&rsquo;\u00e0 vous munir d&rsquo;une perceuse et d\u2019un tournevis pour une installation<strong>\u00a0rapide et facile.<\/strong>_x000D_n_x000D_nIl vous restera seulement \u00e0 choisir d\u00e8s maintenant quelle pi\u00e8ce et quel mur. Et pour cela, nous pouvons vous aider&#8230;_x000D_n_x000D_nAinsi, pour le choix du mur, tout est possible du fait qu\u2019elle soit noire\/grise et blanche. Toutefois, <strong>en l\u2019installant sur un mur \u00e0 couleur franche<\/strong>, vous la mettrez plus en valeur. Optez donc plut\u00f4t pour <strong>un pans de mur noir ou blanc<\/strong>. Le style marbre est de toute fa\u00e7on, ultra tendance. Il sera facile de compl\u00e9ter la pi\u00e8ce par d&rsquo;autres pi\u00e8ces d\u00e9coratives \u00e0 l&rsquo;imprimer marbre!_x000D_n_x000D_nEnfin, pour le choix de la pi\u00e8ce, celle-ci est parfaite car elle s&rsquo;adapte facilement partout! Cela est notamment d\u00fb au fait de sa mati\u00e8re polyr\u00e9sine. Celle-ci est <strong>r\u00e9sistante<\/strong> \u00e0 l\u2019humidit\u00e9 et l\u2019eau. La pat\u00e8re est donc non seulement robuste mais en plus passe partout. Vous pouvez donc aussi bien l\u2019installer dans une cuisine, un bureau, une salle de bain, des toilettes ou dans votre entr\u00e9e._x000D_n_x000D_nBref, un v\u00e9ritable passe partout, solide et facile d\u2019installation.<\/p>\n","protected":false},"excerpt":{"rendered":"<p>Jolie pat\u00e8re ronde en polyr\u00e9sine tendance fa\u00e7on <strong>marbre vein\u00e9 blanc<\/strong> avec paillettes\u00a0et\u00a0de la marque\u00a0<em><strong>WENKO<\/strong><\/em> id\u00e9ale pour accrocher manteaux, serviettes ou torchons.\u00a0Ce porte-manteau ultra r\u00e9sistant sera id\u00e9al dans les pi\u00e8ces humides ou dans l&rsquo;entr\u00e9e pour ne plus voir trainer les v\u00eatements et reste un bel objet de d\u00e9coration. A acheter par deux ou trois pour plus de design.<\/p>\n","protected":false},"featured_media":2342,"comment_status":"closed","ping_status":"open","template":"","meta":[],"product_cat":[29,20,32,17,23],"product_tag":[26],"class_list":["post-657","product","type-product","status-publish","has-post-thumbnail","hentry","product_cat-chambre-adulte","product_cat-cuisine","product_cat-entree-sejour","product_cat-salle-de-bain","product_cat-toilette-wc","product_tag-crochet-patere-patere-design-patere-murale-patere-porte-pateres-porte-serviette-porte-torchon","description-off"],"_links":{"self":[{"href":"https:\/\/roulettes.vaniseo.top\/index.php\/wp-json\/wp\/v2\/product\/657","targetHints":{"allow":["GET"]}}],"collection":[{"href":"https:\/\/roulettes.vaniseo.top\/index.php\/wp-json\/wp\/v2\/product"}],"about":[{"href":"https:\/\/roulettes.vaniseo.top\/index.php\/wp-json\/wp\/v2\/types\/product"}],"replies":[{"embeddable":true,"href":"https:\/\/roulettes.vaniseo.top\/index.php\/wp-json\/wp\/v2\/comments?post=657"}],"version-history":[{"count":0,"href":"https:\/\/roulettes.vaniseo.top\/index.php\/wp-json\/wp\/v2\/product\/657\/revisions"}],"wp:featuredmedia":[{"embeddable":true,"href":"https:\/\/roulettes.vaniseo.top\/index.php\/wp-json\/wp\/v2\/media\/2342"}],"wp:attachment":[{"href":"https:\/\/roulettes.vaniseo.top\/index.php\/wp-json\/wp\/v2\/media?parent=657"}],"wp:term":[{"taxonomy":"product_cat","embeddable":true,"href":"https:\/\/roulettes.vaniseo.top\/index.php\/wp-json\/wp\/v2\/product_cat?post=657"},{"taxonomy":"product_tag","embeddable":true,"href":"https:\/\/roulettes.vaniseo.top\/index.php\/wp-json\/wp\/v2\/product_tag?post=657"}],"curies":[{"name":"wp","href":"https:\/\/api.w.org\/{rel}","templated":true}]}}