{"id":658,"date":"2022-04-04T16:22:27","date_gmt":"2022-04-04T14:22:27","guid":{"rendered":"https:\/\/roulettes.vaniseo.top\/index.php\/produit\/patere-bouton-ceramique-decor-homme-wenko\/"},"modified":"2022-04-04T17:23:02","modified_gmt":"2022-04-04T15:23:02","slug":"patere-bouton-ceramique-decor-homme-wenko","status":"publish","type":"product","link":"https:\/\/roulettes.vaniseo.top\/index.php\/produit\/patere-bouton-ceramique-decor-homme-wenko\/","title":{"rendered":"Patere bouton c\u00e9ramique d\u00e9cor homme WENKO"},"content":{"rendered":"<h2>Porte manteau bouton en c\u00e9ramique avec illustration d&rsquo;un homme, WENKO<\/h2>\n<p>_x000D_nEnvie d&rsquo;une <strong>mignonnerie<\/strong>?! 1001 Pat\u00e8res vous propose cette <strong>patere bouton c\u00e9ramique<\/strong> avec le d\u00e9cor d&rsquo;un <strong>homme<\/strong> sur sa surface. Il s&rsquo;agit du mod\u00e8le <strong>ARLES<\/strong> de chez <strong>WENKO<\/strong>._x000D_n_x000D_nComme toujours, 1001 Pat\u00e8res se r\u00e9gale \u00e0 vous proposer de nombreuses pat\u00e8res sortant de l&rsquo;ordinaire. N\u00b01 en France de la vente en ligne de pat\u00e8res et porte manteaux, 1001 Pat\u00e8res s&rsquo;amuse \u00e0 s\u00e9lectionner pour vous, les plus belles pi\u00e8ces chez ses fournisseurs internationaux. Et, la marque allemande <a href=\"https:\/\/1001pateres.com\/brand\/WENKO\/\">WENKO<\/a> en fait vraiment parti. Leurs produits sont <strong>robustes<\/strong>, souvent prot\u00e9g\u00e9s de l&rsquo;humidit\u00e9 et offrant donc une <strong>utilisation facile passe partout<\/strong>._x000D_n_x000D_n&nbsp;_x000D_n<\/p>\n<h3>Patere bouton c\u00e9ramique d\u00e9cor homme<\/h3>\n<p>_x000D_nCi-contre, le mod\u00e8le Arles propose donc un <strong>porte manteau rond type bouton<\/strong>. De couleur <strong>blanche<\/strong>, celui-ci est en <strong>c\u00e9ramique<\/strong>. L&rsquo;<strong>illustration r\u00e9tro<\/strong> permet v\u00e9ritablement d&rsquo;\u00eatre utiliser <strong>par tout homme, jeune ou moins jeune<\/strong>. On pense donc \u00e0 une installation de celle-ci aussi bien dans une <strong>chambre d&rsquo;adulte<\/strong>, que <strong>d&rsquo;enfant<\/strong>, mais aussi dans un <strong>dressing<\/strong>, une <strong>entr\u00e9e<\/strong> ou une <strong>salle de bain<\/strong>._x000D_n_x000D_nDans tous les cas, mettre une illustration figurative d\u00e9finie encore plus \u00e0 qui elle se destine. Peut-elle motivera-t-elle la personne concern\u00e9e \u00e0 l&rsquo;utiliser? Qui sait, peut-\u00eatre cela vous aidera-t-il au rangement quotidien de votre int\u00e9rieur?!_x000D_n_x000D_nCelle-ci existe \u00e9galement pour madame, avec une illustration d&rsquo;une <a href=\"https:\/\/1001pateres.com\/produit\/patere-bouton-ceramique-decor-femme-wenko\/\">femme<\/a>._x000D_n_x000D_nPour en profiter un maximum, n&rsquo;h\u00e9sitez pas m\u00eame \u00e0<strong> la d\u00e9multiplier sur une m\u00eame ligne<\/strong> d&rsquo;un m\u00eame pan de mur. Anticipez donc le nombre possible de pat\u00e8res \u00e0 intervalles r\u00e9guliers, en tenant comptant de ses <strong>dimensions<\/strong> sp\u00e9cifiques, \u00e0 savoir:_x000D_n<\/p>\n<ul>_x000D_n \t<\/p>\n<li>Diam\u00e8tre: 6 cm<\/li>\n<p>_x000D_n \t<\/p>\n<li>Ecartement du mur: 4,5 cm<\/li>\n<p>_x000D_n<\/ul>\n<p>_x000D_nEnfin, comme vous le constaterez sur les images ci-contre,<strong> vis et quincaillerie sont fournies<\/strong> pour que vous n&rsquo;ailliez qu&rsquo;\u00e0 sortir votre propre perceuse. Le syst\u00e8me d&rsquo;accrochage est simple et vous permettra d&rsquo;en profiter rapidement._x000D_n_x000D_nN&rsquo;h\u00e9sitez pas \u00e0 nous contacter en cas de questions compl\u00e9mentaires sur cette patere bouton c\u00e9ramique ou pour toute commande en d&rsquo;importante quantit\u00e9, via la page Contact de ce site.<\/p>\n","protected":false},"excerpt":{"rendered":"<p>Jolie pat\u00e8re ronde en c\u00e9ramique r\u00e9tro et tendance de couleur blanc avec un<strong> d\u00e9cor d&rsquo;homme<\/strong>\u00a0et\u00a0de la marque\u00a0<em><strong>WENKO<\/strong><\/em> id\u00e9ale pour accrocher serviettes, manteaux ou sacs.\u00a0Ce porte-manteau ultra r\u00e9sistant sera id\u00e9ale dans le dressing de madame ou les toilettes pour ne plus voir trainer les v\u00eatements. A acheter par deux ou trois pour plus de design.<\/p>\n","protected":false},"featured_media":2345,"comment_status":"closed","ping_status":"open","template":"","meta":[],"product_cat":[29,19,21,22,17,23],"product_tag":[26],"class_list":["post-658","product","type-product","status-publish","has-post-thumbnail","hentry","product_cat-chambre-adulte","product_cat-collectivite","product_cat-entreprise","product_cat-pro","product_cat-salle-de-bain","product_cat-toilette-wc","product_tag-crochet-patere-patere-design-patere-murale-patere-porte-pateres-porte-serviette-porte-torchon","description-off"],"_links":{"self":[{"href":"https:\/\/roulettes.vaniseo.top\/index.php\/wp-json\/wp\/v2\/product\/658","targetHints":{"allow":["GET"]}}],"collection":[{"href":"https:\/\/roulettes.vaniseo.top\/index.php\/wp-json\/wp\/v2\/product"}],"about":[{"href":"https:\/\/roulettes.vaniseo.top\/index.php\/wp-json\/wp\/v2\/types\/product"}],"replies":[{"embeddable":true,"href":"https:\/\/roulettes.vaniseo.top\/index.php\/wp-json\/wp\/v2\/comments?post=658"}],"version-history":[{"count":0,"href":"https:\/\/roulettes.vaniseo.top\/index.php\/wp-json\/wp\/v2\/product\/658\/revisions"}],"wp:featuredmedia":[{"embeddable":true,"href":"https:\/\/roulettes.vaniseo.top\/index.php\/wp-json\/wp\/v2\/media\/2345"}],"wp:attachment":[{"href":"https:\/\/roulettes.vaniseo.top\/index.php\/wp-json\/wp\/v2\/media?parent=658"}],"wp:term":[{"taxonomy":"product_cat","embeddable":true,"href":"https:\/\/roulettes.vaniseo.top\/index.php\/wp-json\/wp\/v2\/product_cat?post=658"},{"taxonomy":"product_tag","embeddable":true,"href":"https:\/\/roulettes.vaniseo.top\/index.php\/wp-json\/wp\/v2\/product_tag?post=658"}],"curies":[{"name":"wp","href":"https:\/\/api.w.org\/{rel}","templated":true}]}}