{"id":659,"date":"2022-04-04T16:22:27","date_gmt":"2022-04-04T14:22:27","guid":{"rendered":"https:\/\/roulettes.vaniseo.top\/index.php\/produit\/patere-antique-metallique-et-double-embouts-porcelaine-gris\/"},"modified":"2022-04-04T17:23:03","modified_gmt":"2022-04-04T15:23:03","slug":"patere-antique-metallique-et-double-embouts-porcelaine-gris","status":"publish","type":"product","link":"https:\/\/roulettes.vaniseo.top\/index.php\/produit\/patere-antique-metallique-et-double-embouts-porcelaine-gris\/","title":{"rendered":"Pat\u00e8re antique m\u00e9tallique et double embouts porcelaine gris"},"content":{"rendered":"<h3>Porte manteau vestiaire double en m\u00e9tal noir et embouts porcelaine gris bleu<\/h3>\n<p>_x000D_n1001 Pat\u00e8res compl\u00e8te sa collection de pat\u00e8re antique m\u00e9tallique et double embouts porcelaine avec ici une version grise._x000D_n_x000D_nEn effet, 1001 Pat\u00e8res dispose depuis plusieurs ann\u00e9es de cette gamme de porte manteau vestiaire double en m\u00e9tal noir et embouts porcelaine. Il est possible de retrouver sur ce site les coloris: <a href=\"https:\/\/1001pateres.com\/produit\/patere-antique-deco-porte-manteaux-porcelaine-blanc\/\">blanc<\/a>, <a href=\"https:\/\/1001pateres.com\/produit\/patere-antique-deco-porte-manteaux-porcelaine-vert\/\">vert<\/a> et <a href=\"https:\/\/1001pateres.com\/produit\/patere-antique-deco-porte-manteaux-porcelaine-rouge\/\">rouge<\/a>._x000D_n_x000D_nVoici leurs\u00a0<strong>dimensions<\/strong>:_x000D_n<\/p>\n<ul>_x000D_n \t<\/p>\n<li>Hauteur du porte manteau vestiaire: 18 cm<\/li>\n<p>_x000D_n \t<\/p>\n<li>Diam\u00e8tre de l&#8217;embout arrondi en porcelaine gris: 3 cm<\/li>\n<p>_x000D_n \t<\/p>\n<li>Crochet bas \u00e9cartement du mur: 9 cm<\/li>\n<p>_x000D_n \t<\/p>\n<li>Ecartement du mur pour le crochet haut: 11,5 cm<\/li>\n<p>_x000D_n<\/ul>\n<p>_x000D_nAinsi, comme dans tout esprit vestiaire, ces dimensions seront bien utiles pour anticiper le nombre de pat\u00e8res possibles \u00e0 fixer sur un m\u00eame mur avec espacement r\u00e9gulier. En effet, n&rsquo;h\u00e9sitez pas \u00e0 la d\u00e9multiplier pour accentuer le style vintage et maximiser le rangement de la pi\u00e8ce._x000D_n_x000D_n&nbsp;_x000D_n<\/p>\n<h3>Informations techniques sur la pat\u00e8re antique m\u00e9tallique et double embouts porcelaine grise<\/h3>\n<p>_x000D_nTechniquement, les deux embouts doubles en porcelaine sont arrondis. Ils ne marquent donc pas les \u00e9l\u00e9ments suspendus dessus, et ne font pas d&rsquo;accroc. En porcelaine gris bleu, leur texture est\u00a0<strong>douce<\/strong>\u00a0et agr\u00e9able d\u2019utilisation._x000D_n_x000D_nCette r\u00e9f\u00e9rence est donc particuli\u00e8rement adapt\u00e9e pour une entr\u00e9e et\/ou une chambre d\u2019adulte \u00e0 l\u2019esprit <strong>boudoir<\/strong>. Ce style <strong>antique\u00a0<\/strong>de pat\u00e8re se marie aussi parfaitement avec un style d\u00e9coratif vintage._x000D_n_x000D_nPar ailleurs, vous noterez que la base des embouts en porcelaine peut laisser apparaitre la porcelaine brute. L\u2019email, comme toujours avec cette mati\u00e8re, peut comporter de petits d\u00e9fauts de couleur et de petites taches, ce qui lui donne un c\u00f4t\u00e9 encore plus authentique._x000D_n_x000D_nEnfin, pour son\u00a0<strong>installation<\/strong>, cette pat\u00e8re antique \u00e0 embouts gris, comporte un <strong>syst\u00e8me d\u2019accrochage simple<\/strong> avec deux vis fournies. De ce fait, il vous faudra juste vous munir d\u2019un tournevis. Vous pourrez donc rapidement la mettre en pratique.<\/p>\n","protected":false},"excerpt":{"rendered":"<p>Pat\u00e8re <strong>antique d\u00e9co<\/strong> porte-manteaux <em><strong>porcelaine gris<\/strong><\/em>.\u00a0Cette pat\u00e8re design en m\u00e9tal noir avec des embouts en porcelaine gris bleu est \u00e0 poser partout dans la maison pour ne plus laisser trainer ses affaires.\u00a0Elle est particuli\u00e8rement adapt\u00e9e pour l&rsquo;entr\u00e9e afin d&rsquo;y d\u00e9poser son manteau, son \u00e9charpe ou son chapeau.\u00a0Bien s\u00fbr la base des embouts en porcelaine peut laisser apparaitre la porcelaine brute et l&rsquo;\u00e9mail peut comporter de petits d\u00e9fauts de couleur et de petites taches dans l&rsquo;\u00e9mail.<\/p>\n","protected":false},"featured_media":2348,"comment_status":"closed","ping_status":"open","template":"","meta":[],"product_cat":[29,19,32,21,22,17],"product_tag":[27],"class_list":["post-659","product","type-product","status-publish","has-post-thumbnail","hentry","product_cat-chambre-adulte","product_cat-collectivite","product_cat-entree-sejour","product_cat-entreprise","product_cat-pro","product_cat-salle-de-bain","product_tag-crochet-patere-patere-design-patere-murale-patere-porte-pateres-porte-serviette-porte-torchon-vestiaire","description-off"],"_links":{"self":[{"href":"https:\/\/roulettes.vaniseo.top\/index.php\/wp-json\/wp\/v2\/product\/659","targetHints":{"allow":["GET"]}}],"collection":[{"href":"https:\/\/roulettes.vaniseo.top\/index.php\/wp-json\/wp\/v2\/product"}],"about":[{"href":"https:\/\/roulettes.vaniseo.top\/index.php\/wp-json\/wp\/v2\/types\/product"}],"replies":[{"embeddable":true,"href":"https:\/\/roulettes.vaniseo.top\/index.php\/wp-json\/wp\/v2\/comments?post=659"}],"version-history":[{"count":0,"href":"https:\/\/roulettes.vaniseo.top\/index.php\/wp-json\/wp\/v2\/product\/659\/revisions"}],"wp:featuredmedia":[{"embeddable":true,"href":"https:\/\/roulettes.vaniseo.top\/index.php\/wp-json\/wp\/v2\/media\/2348"}],"wp:attachment":[{"href":"https:\/\/roulettes.vaniseo.top\/index.php\/wp-json\/wp\/v2\/media?parent=659"}],"wp:term":[{"taxonomy":"product_cat","embeddable":true,"href":"https:\/\/roulettes.vaniseo.top\/index.php\/wp-json\/wp\/v2\/product_cat?post=659"},{"taxonomy":"product_tag","embeddable":true,"href":"https:\/\/roulettes.vaniseo.top\/index.php\/wp-json\/wp\/v2\/product_tag?post=659"}],"curies":[{"name":"wp","href":"https:\/\/api.w.org\/{rel}","templated":true}]}}