{"id":661,"date":"2022-04-04T16:22:27","date_gmt":"2022-04-04T14:22:27","guid":{"rendered":"https:\/\/roulettes.vaniseo.top\/index.php\/produit\/porte-manteau-design-italien-plexi-noir-petrozzi-ariel\/"},"modified":"2022-04-04T17:23:04","modified_gmt":"2022-04-04T15:23:04","slug":"porte-manteau-design-italien-plexi-noir-petrozzi-ariel","status":"publish","type":"product","link":"https:\/\/roulettes.vaniseo.top\/index.php\/produit\/porte-manteau-design-italien-plexi-noir-petrozzi-ariel\/","title":{"rendered":"Porte manteau design italien plexi noir PETROZZI ARIEL"},"content":{"rendered":"<h3>Porte manteau mural design plexiglass noir mod\u00e8le ARIEL PETROZZI<\/h3>\n<p>_x000D_nSupport en acier chrom\u00e9 avec fixations discr\u00e8tes._x000D_n_x000D_nVendu avec ses vis, chevilles et clefs allen pour fixation au mur._x000D_n_x000D_ndimensions de:_x000D_n<\/p>\n<ul>_x000D_n \t<\/p>\n<li>La pat\u00e8re en plexi Ariel: 7 cm X 4,5 cm<\/li>\n<p>_x000D_n \t<\/p>\n<li>\u00e9paisseur 1 cm<\/li>\n<p>_x000D_n \t<\/p>\n<li>Ecartement du mur 7,5 cm<\/li>\n<p>_x000D_n<\/ul>\n<p>_x000D_nContactez 1001 Pat\u00e8res via sa page Contact pour toutes questions compl\u00e9mentaires ou pour toute demande de devis en cas de commande en quantit\u00e9 importante.<\/p>\n","protected":false},"excerpt":{"rendered":"<p>Porte-serviette, porte-manteau moderne design en plexiglass qui peut servir de porte-serviette ou porte-v\u00eatement par exemple.\u00a0Il s&rsquo;agit du mod\u00e8le <em><strong>ARIEL<\/strong><\/em>\u00a0de couleur noir de la marque <b>PETROZZI<\/b>.\u00a0Cette pat\u00e8re est particuli\u00e8rement adapt\u00e9e pour les salles de bain, est de belle qualit\u00e9 et tr\u00e8s r\u00e9sistante \u00e0 l&rsquo;arrachement.<\/p>\n","protected":false},"featured_media":2353,"comment_status":"closed","ping_status":"open","template":"","meta":[],"product_cat":[29,32,17],"product_tag":[37],"class_list":["post-661","product","type-product","status-publish","has-post-thumbnail","hentry","product_cat-chambre-adulte","product_cat-entree-sejour","product_cat-salle-de-bain","product_tag-crochet-patere-patere-design-patere-murale-patere-porte-pateres-porte-chapeau-porte-serviette-porte-torchon-vestiaire","description-off"],"_links":{"self":[{"href":"https:\/\/roulettes.vaniseo.top\/index.php\/wp-json\/wp\/v2\/product\/661","targetHints":{"allow":["GET"]}}],"collection":[{"href":"https:\/\/roulettes.vaniseo.top\/index.php\/wp-json\/wp\/v2\/product"}],"about":[{"href":"https:\/\/roulettes.vaniseo.top\/index.php\/wp-json\/wp\/v2\/types\/product"}],"replies":[{"embeddable":true,"href":"https:\/\/roulettes.vaniseo.top\/index.php\/wp-json\/wp\/v2\/comments?post=661"}],"version-history":[{"count":0,"href":"https:\/\/roulettes.vaniseo.top\/index.php\/wp-json\/wp\/v2\/product\/661\/revisions"}],"wp:featuredmedia":[{"embeddable":true,"href":"https:\/\/roulettes.vaniseo.top\/index.php\/wp-json\/wp\/v2\/media\/2353"}],"wp:attachment":[{"href":"https:\/\/roulettes.vaniseo.top\/index.php\/wp-json\/wp\/v2\/media?parent=661"}],"wp:term":[{"taxonomy":"product_cat","embeddable":true,"href":"https:\/\/roulettes.vaniseo.top\/index.php\/wp-json\/wp\/v2\/product_cat?post=661"},{"taxonomy":"product_tag","embeddable":true,"href":"https:\/\/roulettes.vaniseo.top\/index.php\/wp-json\/wp\/v2\/product_tag?post=661"}],"curies":[{"name":"wp","href":"https:\/\/api.w.org\/{rel}","templated":true}]}}