{"id":69,"date":"2022-04-04T16:20:10","date_gmt":"2022-04-04T14:20:10","guid":{"rendered":"https:\/\/roulettes.vaniseo.top\/index.php\/produit\/porte-manteau-patere-espresso\/"},"modified":"2022-04-04T17:10:28","modified_gmt":"2022-04-04T15:10:28","slug":"porte-manteau-patere-espresso","status":"publish","type":"product","link":"https:\/\/roulettes.vaniseo.top\/index.php\/produit\/porte-manteau-patere-espresso\/","title":{"rendered":"Porte-manteau pat\u00e8re espresso"},"content":{"rendered":"<h4>Pat\u00e8re porte-torchon \u00e0 fixer au mur de la cuisine caf\u00e9 espresso.<\/h4>\n<p>_x000D_nPorte-manteau <strong>pat\u00e8re espresso<\/strong>\u00a0en bois reconstitu\u00e9._x000D_n_x000D_nCette pat\u00e8re de la marque <em><strong>1001pateres<\/strong> <\/em>est \u00e0 poser partout dans la maison pour ne plus voir trainer ses affaires, dans la chambre, dans l&rsquo;entr\u00e9e mais aussi peut servir de porte-torchon dans la cuisine\u00a0ou dans l&rsquo;entreprise._x000D_n_x000D_nElle comporte un crochet m\u00e9tallique avec une petite boule \u00e0 l&rsquo;extr\u00e9mit\u00e9 pour ne pas abimer les affaires et un syst\u00e8me d&rsquo;accrochage simple en m\u00e9tal dor\u00e9._x000D_n_x000D_nLe d\u00e9cor de petit d\u00e9jeuner \u00e0 l&rsquo;ancienne\u00a0est original et de belle qualit\u00e9._x000D_n_x000D_nElle tient au mur avec un crochet ou une vis de votre choix._x000D_n<\/p>\n<h4>Dimensions :<\/h4>\n<p>_x000D_n<\/p>\n<ul>_x000D_n \t<\/p>\n<li>La plaque\u00a0est de dimension 11,5 cm X 9,2 cm<\/li>\n<p>_x000D_n \t<\/p>\n<li>Hauteur totale = 19,5 cm<\/li>\n<p>_x000D_n \t<\/p>\n<li>Ecartement du mur 5 cm<\/li>\n<p>_x000D_n<\/ul>\n","protected":false},"excerpt":{"rendered":"<p>Beau porte-manteau <strong>pat\u00e8re espresso<\/strong> en bois reconstitu\u00e9.\u00a0Cette pat\u00e8re de la marque <em><strong>1001pateres<\/strong><\/em> est \u00e0 poser partout dans la maison pour ne plus voir trainer ses affaires, dans la chambre, dans l&rsquo;entr\u00e9e mais aussi peut servir de porte-torchon dans la cuisine ou dans l&rsquo;entreprise.<\/p>\n","protected":false},"featured_media":869,"comment_status":"closed","ping_status":"open","template":"","meta":[],"product_cat":[20],"product_tag":[27],"class_list":["post-69","product","type-product","status-publish","has-post-thumbnail","hentry","product_cat-cuisine","product_tag-crochet-patere-patere-design-patere-murale-patere-porte-pateres-porte-serviette-porte-torchon-vestiaire","description-off"],"_links":{"self":[{"href":"https:\/\/roulettes.vaniseo.top\/index.php\/wp-json\/wp\/v2\/product\/69","targetHints":{"allow":["GET"]}}],"collection":[{"href":"https:\/\/roulettes.vaniseo.top\/index.php\/wp-json\/wp\/v2\/product"}],"about":[{"href":"https:\/\/roulettes.vaniseo.top\/index.php\/wp-json\/wp\/v2\/types\/product"}],"replies":[{"embeddable":true,"href":"https:\/\/roulettes.vaniseo.top\/index.php\/wp-json\/wp\/v2\/comments?post=69"}],"version-history":[{"count":0,"href":"https:\/\/roulettes.vaniseo.top\/index.php\/wp-json\/wp\/v2\/product\/69\/revisions"}],"wp:featuredmedia":[{"embeddable":true,"href":"https:\/\/roulettes.vaniseo.top\/index.php\/wp-json\/wp\/v2\/media\/869"}],"wp:attachment":[{"href":"https:\/\/roulettes.vaniseo.top\/index.php\/wp-json\/wp\/v2\/media?parent=69"}],"wp:term":[{"taxonomy":"product_cat","embeddable":true,"href":"https:\/\/roulettes.vaniseo.top\/index.php\/wp-json\/wp\/v2\/product_cat?post=69"},{"taxonomy":"product_tag","embeddable":true,"href":"https:\/\/roulettes.vaniseo.top\/index.php\/wp-json\/wp\/v2\/product_tag?post=69"}],"curies":[{"name":"wp","href":"https:\/\/api.w.org\/{rel}","templated":true}]}}