{"id":79,"date":"2022-04-04T16:20:14","date_gmt":"2022-04-04T14:20:14","guid":{"rendered":"https:\/\/roulettes.vaniseo.top\/index.php\/produit\/porte-manteau-patere-flower-8\/"},"modified":"2022-04-04T17:11:55","modified_gmt":"2022-04-04T15:11:55","slug":"porte-manteau-patere-flower-8","status":"publish","type":"product","link":"https:\/\/roulettes.vaniseo.top\/index.php\/produit\/porte-manteau-patere-flower-8\/","title":{"rendered":"Porte-manteau pat\u00e8re flower 8"},"content":{"rendered":"<p>Beau porte-manteau pat\u00e8re flower 8. Cette pat\u00e8re est en m\u00e9tal peint._x000D_n_x000D_nElle comporte un d\u00e9cor de tulipes et papillon\u00a0au style d&rsquo;ancienne carte postale facile \u00e0 poser partout dans la maison._x000D_n_x000D_nElle comporte un crochet m\u00e9tallique avec une petite boule \u00e0 l&rsquo;extr\u00e9mit\u00e9 pour ne pas abimer les affaires et un syst\u00e8me d&rsquo;accrochage simple._x000D_n_x000D_nLe d\u00e9cor \u00e0 l&rsquo;ancienne\u00a0est original et de belle qualit\u00e9._x000D_n_x000D_nElle tient au mur avec un crochet ou une vis de votre choix._x000D_n_x000D_n&nbsp;_x000D_n_x000D_nDimensions :_x000D_n_x000D_nLa plaque\u00a0est de dimension 8 cm X 10,4 cm_x000D_n_x000D_nHauteur totale = 16,5 cm_x000D_n_x000D_nEcartement du mur 4,5 cm_x000D_n_x000D_n&nbsp;_x000D_n_x000D_n&nbsp;<\/p>\n","protected":false},"excerpt":{"rendered":"<p>Beau porte-manteau pat\u00e8re flower 8. Cette pat\u00e8re est en m\u00e9tal peint.\u00a0Elle comporte un d\u00e9cor de tulipes et papillon au style d&rsquo;ancienne carte postale facile \u00e0 poser partout dans la maison.<\/p>\n","protected":false},"featured_media":889,"comment_status":"closed","ping_status":"open","template":"","meta":[],"product_cat":[29,17,23],"product_tag":[27],"class_list":["post-79","product","type-product","status-publish","has-post-thumbnail","hentry","product_cat-chambre-adulte","product_cat-salle-de-bain","product_cat-toilette-wc","product_tag-crochet-patere-patere-design-patere-murale-patere-porte-pateres-porte-serviette-porte-torchon-vestiaire","description-off"],"_links":{"self":[{"href":"https:\/\/roulettes.vaniseo.top\/index.php\/wp-json\/wp\/v2\/product\/79","targetHints":{"allow":["GET"]}}],"collection":[{"href":"https:\/\/roulettes.vaniseo.top\/index.php\/wp-json\/wp\/v2\/product"}],"about":[{"href":"https:\/\/roulettes.vaniseo.top\/index.php\/wp-json\/wp\/v2\/types\/product"}],"replies":[{"embeddable":true,"href":"https:\/\/roulettes.vaniseo.top\/index.php\/wp-json\/wp\/v2\/comments?post=79"}],"version-history":[{"count":0,"href":"https:\/\/roulettes.vaniseo.top\/index.php\/wp-json\/wp\/v2\/product\/79\/revisions"}],"wp:featuredmedia":[{"embeddable":true,"href":"https:\/\/roulettes.vaniseo.top\/index.php\/wp-json\/wp\/v2\/media\/889"}],"wp:attachment":[{"href":"https:\/\/roulettes.vaniseo.top\/index.php\/wp-json\/wp\/v2\/media?parent=79"}],"wp:term":[{"taxonomy":"product_cat","embeddable":true,"href":"https:\/\/roulettes.vaniseo.top\/index.php\/wp-json\/wp\/v2\/product_cat?post=79"},{"taxonomy":"product_tag","embeddable":true,"href":"https:\/\/roulettes.vaniseo.top\/index.php\/wp-json\/wp\/v2\/product_tag?post=79"}],"curies":[{"name":"wp","href":"https:\/\/api.w.org\/{rel}","templated":true}]}}