{"id":87,"date":"2022-04-04T16:20:14","date_gmt":"2022-04-04T14:20:14","guid":{"rendered":"https:\/\/roulettes.vaniseo.top\/index.php\/produit\/patere-en-forme-de-carte-postale-ancienne-flower-19\/"},"modified":"2022-04-04T17:11:55","modified_gmt":"2022-04-04T15:11:55","slug":"patere-en-forme-de-carte-postale-ancienne-flower-19","status":"publish","type":"product","link":"https:\/\/roulettes.vaniseo.top\/index.php\/produit\/patere-en-forme-de-carte-postale-ancienne-flower-19\/","title":{"rendered":"pat\u00e8re en forme de carte postale ancienne flower 19"},"content":{"rendered":"<h4>Porte-manteau carte postale fleur.<\/h4>\n<p>_x000D_nPat\u00e8re carte postale flower 19._x000D_n_x000D_nBeau porte-manteau pat\u00e8re en forme de <strong>carte postale<\/strong> ancienne <em><strong>flower 19<\/strong><\/em>. Cette pat\u00e8re est en m\u00e9tal peint._x000D_n_x000D_nElle comporte un d\u00e9cor de fleurs et de papillons au style d&rsquo;ancienne carte postale facile \u00e0 poser partout dans la maison._x000D_n_x000D_nCompos\u00e9e d&rsquo;un crochet m\u00e9tallique avec une petite boule \u00e0 l&rsquo;extr\u00e9mit\u00e9, elle ne peut pas abimer les affaires et comporte un syst\u00e8me d&rsquo;accrochage simple._x000D_n_x000D_nLe d\u00e9cor \u00e0 l&rsquo;ancienne\u00a0est original et de belle qualit\u00e9._x000D_n_x000D_nElle tient au mur avec un crochet ou une vis de votre choix._x000D_n<\/p>\n<h4>Dimensions :<\/h4>\n<p>_x000D_n<\/p>\n<ul>_x000D_n \t<\/p>\n<li>La plaque\u00a0est de dimension 8 cm X 10,4 cm<\/li>\n<p>_x000D_n \t<\/p>\n<li>Hauteur totale = 16,5 cm<\/li>\n<p>_x000D_n \t<\/p>\n<li>Ecartement du mur 4,5 cm<\/li>\n<p>_x000D_n<\/ul>\n","protected":false},"excerpt":{"rendered":"<p>Beau porte-manteau pat\u00e8re <strong>flower<\/strong> 19. Cette pat\u00e8re est en m\u00e9tal peint.\u00a0Elle comporte un d\u00e9cor de <em><strong>fleurs et de papillons<\/strong><\/em> au style d&rsquo;ancienne carte postale facile \u00e0 poser partout dans la maison.<\/p>\n","protected":false},"featured_media":905,"comment_status":"closed","ping_status":"open","template":"","meta":[],"product_cat":[29,17,23],"product_tag":[27],"class_list":["post-87","product","type-product","status-publish","has-post-thumbnail","hentry","product_cat-chambre-adulte","product_cat-salle-de-bain","product_cat-toilette-wc","product_tag-crochet-patere-patere-design-patere-murale-patere-porte-pateres-porte-serviette-porte-torchon-vestiaire","description-off"],"_links":{"self":[{"href":"https:\/\/roulettes.vaniseo.top\/index.php\/wp-json\/wp\/v2\/product\/87","targetHints":{"allow":["GET"]}}],"collection":[{"href":"https:\/\/roulettes.vaniseo.top\/index.php\/wp-json\/wp\/v2\/product"}],"about":[{"href":"https:\/\/roulettes.vaniseo.top\/index.php\/wp-json\/wp\/v2\/types\/product"}],"replies":[{"embeddable":true,"href":"https:\/\/roulettes.vaniseo.top\/index.php\/wp-json\/wp\/v2\/comments?post=87"}],"version-history":[{"count":0,"href":"https:\/\/roulettes.vaniseo.top\/index.php\/wp-json\/wp\/v2\/product\/87\/revisions"}],"wp:featuredmedia":[{"embeddable":true,"href":"https:\/\/roulettes.vaniseo.top\/index.php\/wp-json\/wp\/v2\/media\/905"}],"wp:attachment":[{"href":"https:\/\/roulettes.vaniseo.top\/index.php\/wp-json\/wp\/v2\/media?parent=87"}],"wp:term":[{"taxonomy":"product_cat","embeddable":true,"href":"https:\/\/roulettes.vaniseo.top\/index.php\/wp-json\/wp\/v2\/product_cat?post=87"},{"taxonomy":"product_tag","embeddable":true,"href":"https:\/\/roulettes.vaniseo.top\/index.php\/wp-json\/wp\/v2\/product_tag?post=87"}],"curies":[{"name":"wp","href":"https:\/\/api.w.org\/{rel}","templated":true}]}}