{"id":89,"date":"2022-04-04T16:20:14","date_gmt":"2022-04-04T14:20:14","guid":{"rendered":"https:\/\/roulettes.vaniseo.top\/index.php\/produit\/patere-double-love-en-bois\/"},"modified":"2022-04-04T17:11:56","modified_gmt":"2022-04-04T15:11:56","slug":"patere-double-love-en-bois","status":"publish","type":"product","link":"https:\/\/roulettes.vaniseo.top\/index.php\/produit\/patere-double-love-en-bois\/","title":{"rendered":"Pat\u00e8re double LOVE en bois"},"content":{"rendered":"<h3>Porte manteau bois reconstitu\u00e9 avec 2 crochets LOVE<\/h3>\n<p>_x000D_n<strong>1001 Pat\u00e8res<\/strong>\u00a0vous propose un style romantique et champ\u00eatre ancien! D\u00e9couvrez donc cette\u00a0<strong>pat\u00e8re double Love \u00e0 l&rsquo;imprim\u00e9 champ\u00eatre en bois reconstitu\u00e9<\/strong>.\u00a0<strong>N\u00b01 de la vente en ligne de porte manteaux en France<\/strong>, il vous propose donc de conna\u00eetre l\u2019ensemble de ses <strong>informations techniques et d\u00e9coratives<\/strong> ci dessous._x000D_n_x000D_nEn effet, <a href=\"https:\/\/1001pateres.com\/brand\/1001pateres\">1001 Pat\u00e8res<\/a> offre non seulement des produits de <strong>sa propre marque\u00a0<\/strong>mais aussi d\u2019autres s\u00e9lectionn\u00e9es parmi les meilleures marques du march\u00e9 mondiale. Ainsi, vous\u00a0<strong>optimisez vos\u00a0syst\u00e8mes de rangement \u00e0 volont\u00e9<\/strong>, que ce soit pour n\u2019importe quelle pi\u00e8ce de maison ou d&rsquo;entreprise._x000D_n_x000D_nD&rsquo;ailleurs, ici, cet \u00e9l\u00e9gant porte manteau LOVE est compos\u00e9 d\u2019un <strong>support en bois reconstitu\u00e9 imprim\u00e9<\/strong>\u00a0et de <strong>2 crochets m\u00e9talliques blancs<\/strong>. En d\u00e9tail, le support dispose d&rsquo;un d\u00e9cor <strong>romantique et champ\u00eatre<\/strong> aux coloris vintage. Vous y verrez des papillons, des<strong>\u00a0fleurs et de champignons<\/strong>, avec l\u2019inscription <strong>Love en \u00e9criture manuscrite<\/strong> et italique en son centre. Enfin, ses <strong>deux crochets<\/strong> sont munis d\u2019embout retourn\u00e9s pour ne pas abimer les affaires._x000D_n_x000D_nDans le m\u00eame esprit, d\u00e9couvrez aussi la r\u00e9f\u00e9rence <a href=\"https:\/\/1001pateres.com\/produit\/porte-manteau-patere-double-home\/\">HOME<\/a>._x000D_n_x000D_n&nbsp;_x000D_n<\/p>\n<h3>Installation de la pat\u00e8re double LOVE fleurie en bois<\/h3>\n<p>_x000D_nEnfin, ce porte manteau bois reconstitu\u00e9 est \u00e0 poser partout dans la maison. Il d\u00e9corera aussi bien une chambre qu&rsquo;une entr\u00e9e, tout en offrant une simple solution de rangement murale d\u00e9corative._x000D_n_x000D_nAussi, celui-ci dispose d&rsquo;un <strong>syst\u00e8me d\u2019accrochage simple en m\u00e9tal dor\u00e9<\/strong> \u00e0 son dos. Cette pat\u00e8re double LOVE se fixe donc au mur avec 2 crochets ou vis, non fournis._x000D_n_x000D_nNos clients choisissent cette r\u00e9f\u00e9rence pour son <strong>d\u00e9cor \u00e0 l\u2019ancienne original et de belle qualit\u00e9<\/strong>._x000D_n_x000D_nPensez \u00e0 toujours tenir compte de ses <strong>dimensions<\/strong> que voici ci dessous:_x000D_n<\/p>\n<ul>_x000D_n \t<\/p>\n<li>La plaque en bois reconsitu\u00e9 est de dimension: 20 cm X 8 cm<\/li>\n<p>_x000D_n \t<\/p>\n<li>Hauteur totale incluant les crochets: 14,2 cm<\/li>\n<p>_x000D_n \t<\/p>\n<li>Ecartement du mur incluant les crochets blancs: 4 cm<\/li>\n<p>_x000D_n<\/ul>\n<p>_x000D_nContactez nous pour tout renseignement compl\u00e9mentaire ou pour toute demande de devis en importante quantit\u00e9. Pour cela, utilisez notre t\u00e9l\u00e9phone ou le formulaire de la page <a href=\"https:\/\/1001pateres.com\/contactez-nous\/\">Contact<\/a> de ce site.<\/p>\n","protected":false},"excerpt":{"rendered":"<p>Beau <strong>porte-manteau<\/strong> pat\u00e8re double <em><strong>LOVE<\/strong><\/em> en bois reconstitu\u00e9.\u00a0Il comporte un joli d\u00e9cor romantique et champ\u00eatre avec des fleurs et un papillon sur un champignon.\u00a0Il est \u00e0 poser partout dans la maison pour ne plus voir trainer ses affaires, dans la chambre, dans l&rsquo;entr\u00e9e mais aussi dans la cuisine ou dans l&rsquo;entreprise.<\/p>\n","protected":false},"featured_media":909,"comment_status":"closed","ping_status":"open","template":"","meta":[],"product_cat":[29,20,32,17],"product_tag":[25],"class_list":["post-89","product","type-product","status-publish","has-post-thumbnail","hentry","product_cat-chambre-adulte","product_cat-cuisine","product_cat-entree-sejour","product_cat-salle-de-bain","product_tag-crochet-patere-patere-design-patere-murale-patere-porte-pateres-porte-manteau-porte-serviette-porte-torchon-vestiaire","description-off"],"_links":{"self":[{"href":"https:\/\/roulettes.vaniseo.top\/index.php\/wp-json\/wp\/v2\/product\/89","targetHints":{"allow":["GET"]}}],"collection":[{"href":"https:\/\/roulettes.vaniseo.top\/index.php\/wp-json\/wp\/v2\/product"}],"about":[{"href":"https:\/\/roulettes.vaniseo.top\/index.php\/wp-json\/wp\/v2\/types\/product"}],"replies":[{"embeddable":true,"href":"https:\/\/roulettes.vaniseo.top\/index.php\/wp-json\/wp\/v2\/comments?post=89"}],"version-history":[{"count":0,"href":"https:\/\/roulettes.vaniseo.top\/index.php\/wp-json\/wp\/v2\/product\/89\/revisions"}],"wp:featuredmedia":[{"embeddable":true,"href":"https:\/\/roulettes.vaniseo.top\/index.php\/wp-json\/wp\/v2\/media\/909"}],"wp:attachment":[{"href":"https:\/\/roulettes.vaniseo.top\/index.php\/wp-json\/wp\/v2\/media?parent=89"}],"wp:term":[{"taxonomy":"product_cat","embeddable":true,"href":"https:\/\/roulettes.vaniseo.top\/index.php\/wp-json\/wp\/v2\/product_cat?post=89"},{"taxonomy":"product_tag","embeddable":true,"href":"https:\/\/roulettes.vaniseo.top\/index.php\/wp-json\/wp\/v2\/product_tag?post=89"}],"curies":[{"name":"wp","href":"https:\/\/api.w.org\/{rel}","templated":true}]}}