{"id":90,"date":"2022-04-04T16:20:14","date_gmt":"2022-04-04T14:20:14","guid":{"rendered":"https:\/\/roulettes.vaniseo.top\/index.php\/produit\/patere-double-home-fleurie-en-bois\/"},"modified":"2022-04-04T17:11:56","modified_gmt":"2022-04-04T15:11:56","slug":"patere-double-home-fleurie-en-bois","status":"publish","type":"product","link":"https:\/\/roulettes.vaniseo.top\/index.php\/produit\/patere-double-home-fleurie-en-bois\/","title":{"rendered":"Pat\u00e8re double HOME fleurie en bois"},"content":{"rendered":"<h3>Porte manteau bois avec 2 crochets HOME au style romantique et champ\u00eatre<\/h3>\n<p>_x000D_n<strong>1001 Pat\u00e8res<\/strong> vous propose cette fois ci un style romantique et champ\u00eatre d&rsquo;antan! D\u00e9couvrez ci contre une <strong>pat\u00e8re double Home fleurie en bois<\/strong>._x000D_n_x000D_n<strong>Leader de la vente en ligne de pat\u00e8res en France<\/strong>, 1001 Pat\u00e8res vous propose donc de conna\u00eetre l&rsquo;ensemble de ses <strong>informations techniques et d\u00e9coratives<\/strong> ci dessous._x000D_n_x000D_nEn effet, <a href=\"https:\/\/1001pateres.com\/brand\/1001pateres\">1001 Pat\u00e8res<\/a> propose non seulement des produits de <strong>sa propre marque<\/strong> mais aussi d&rsquo;autres s\u00e9lectionn\u00e9es parmi les meilleures marques internationales du secteur. Ainsi, vous pouvez <strong>optimiser votre rangement \u00e0 souhait<\/strong>, que ce soit pour n&rsquo;importe quelle pi\u00e8ce de la maison ou de votre entreprise._x000D_n_x000D_nAinsi, ce joli porte manteau est compos\u00e9 d&rsquo;un <strong>support en bois reconstitu\u00e9<\/strong> et de <strong>2 crochets m\u00e9talliques blancs<\/strong>. Son support propose un d\u00e9cor au <strong>style romantique et champ\u00eatre<\/strong> d&rsquo;antan, <strong>compos\u00e9 de fleurs et d&rsquo;oiseaux<\/strong>, avec l&rsquo;inscription <strong>Home en \u00e9criture manuscrite<\/strong> et italique en son centre. Enfin, ses <strong>deux crochets<\/strong> sont munis d&#8217;embout retourn\u00e9\u00a0pour ne pas abimer les affaires._x000D_n_x000D_n&nbsp;_x000D_n<\/p>\n<h3>Installation de la pat\u00e8re double HOME fleurie en bois<\/h3>\n<p>_x000D_nPour finir, il est \u00e0 poser partout dans la maison, dans une chambre ou dans une entr\u00e9e, \u00a0comme simple solution de rangement d\u00e9corative._x000D_n_x000D_nAussi, il comporte un <strong>syst\u00e8me d&rsquo;accrochage simple en m\u00e9tal dor\u00e9<\/strong> \u00e0 son dos. Il tient donc au mur avec deux crochets ou vis de votre choix._x000D_n_x000D_nNos clients choisissent cette r\u00e9f\u00e9rence pour son <strong>d\u00e9cor \u00e0 l&rsquo;ancienne original et de belle qualit\u00e9<\/strong>._x000D_n_x000D_nPensez \u00e0 toujours tenir compte de ses <strong>dimensions<\/strong> que voici ci dessous:_x000D_n<\/p>\n<ul>_x000D_n \t<\/p>\n<li>La plaque en bois reconsitu\u00e9 est de dimension: 20 cm X 8 cm<\/li>\n<p>_x000D_n \t<\/p>\n<li>Hauteur totale incluant les crochets: 14,2 cm<\/li>\n<p>_x000D_n \t<\/p>\n<li>Ecartement du mur incluant les crochets retourn\u00e9s: 4 cm<\/li>\n<p>_x000D_n<\/ul>\n<p>_x000D_nContactez nous pour tout renseignement compl\u00e9mentaire ou pour toute demande de devis en importante quantit\u00e9. Pour cela, utilisez notre t\u00e9l\u00e9phone ou le formulaire de la page Contact de ce site.<\/p>\n","protected":false},"excerpt":{"rendered":"<p>Beau porte-manteau <strong>pat\u00e8re double<\/strong> <em><strong>HOME<\/strong><\/em> en bois reconstitu\u00e9.\u00a0Il comporte un joli d\u00e9cor romantique et champ\u00eatre avec des fleurs et un oiseau.\u00a0Il est \u00e0 poser partout dans la maison pour ne plus voir trainer ses affaires, dans la chambre, dans l&rsquo;entr\u00e9e mais aussi dans la cuisine ou dans l&rsquo;entreprise.<\/p>\n","protected":false},"featured_media":912,"comment_status":"closed","ping_status":"open","template":"","meta":[],"product_cat":[29,20,32,17],"product_tag":[25],"class_list":["post-90","product","type-product","status-publish","has-post-thumbnail","hentry","product_cat-chambre-adulte","product_cat-cuisine","product_cat-entree-sejour","product_cat-salle-de-bain","product_tag-crochet-patere-patere-design-patere-murale-patere-porte-pateres-porte-manteau-porte-serviette-porte-torchon-vestiaire","description-off"],"_links":{"self":[{"href":"https:\/\/roulettes.vaniseo.top\/index.php\/wp-json\/wp\/v2\/product\/90","targetHints":{"allow":["GET"]}}],"collection":[{"href":"https:\/\/roulettes.vaniseo.top\/index.php\/wp-json\/wp\/v2\/product"}],"about":[{"href":"https:\/\/roulettes.vaniseo.top\/index.php\/wp-json\/wp\/v2\/types\/product"}],"replies":[{"embeddable":true,"href":"https:\/\/roulettes.vaniseo.top\/index.php\/wp-json\/wp\/v2\/comments?post=90"}],"version-history":[{"count":0,"href":"https:\/\/roulettes.vaniseo.top\/index.php\/wp-json\/wp\/v2\/product\/90\/revisions"}],"wp:featuredmedia":[{"embeddable":true,"href":"https:\/\/roulettes.vaniseo.top\/index.php\/wp-json\/wp\/v2\/media\/912"}],"wp:attachment":[{"href":"https:\/\/roulettes.vaniseo.top\/index.php\/wp-json\/wp\/v2\/media?parent=90"}],"wp:term":[{"taxonomy":"product_cat","embeddable":true,"href":"https:\/\/roulettes.vaniseo.top\/index.php\/wp-json\/wp\/v2\/product_cat?post=90"},{"taxonomy":"product_tag","embeddable":true,"href":"https:\/\/roulettes.vaniseo.top\/index.php\/wp-json\/wp\/v2\/product_tag?post=90"}],"curies":[{"name":"wp","href":"https:\/\/api.w.org\/{rel}","templated":true}]}}