{"id":91,"date":"2022-04-04T16:20:14","date_gmt":"2022-04-04T14:20:14","guid":{"rendered":"https:\/\/roulettes.vaniseo.top\/index.php\/produit\/crochet-mural-rustique-double-vieilli\/"},"modified":"2022-04-04T17:11:56","modified_gmt":"2022-04-04T15:11:56","slug":"crochet-mural-rustique-double-vieilli","status":"publish","type":"product","link":"https:\/\/roulettes.vaniseo.top\/index.php\/produit\/crochet-mural-rustique-double-vieilli\/","title":{"rendered":"Crochet mural rustique double vieilli"},"content":{"rendered":"<h3>Patere rustique \u00e0 crochet double vieilli<\/h3>\n<p>_x000D_n<strong>1001 Pat\u00e8res<\/strong>, sp\u00e9cialiste et n\u00b01 en France de la vente de pat\u00e8re, vous pr\u00e9sente ici son mod\u00e8le de <strong>crochet mural rustique double vieilli<\/strong>. D\u00e9couvrez ci dessous l&rsquo;ensemble de ses informations d\u00e9coratives et techniques._x000D_n_x000D_nPour commencer, pr\u00e9cisons que 1001 Pat\u00e8res propose sur son site <strong>plus de 500 r\u00e9f\u00e9rences s\u00e9lectionn\u00e9es dans le monde entier<\/strong>. Ainsi, sur un seul et m\u00eame site, vous b\u00e9n\u00e9ficiez de <strong>la cr\u00e8me de la cr\u00e8me<\/strong>. Le tout bien s\u00fbr vous permettant de r\u00e9duire d\u00e9lai et frais de livraison. Au passage, notez que <strong>vous soutenez un site fran\u00e7ais<\/strong>!_x000D_n_x000D_nDans le th\u00e8me de <strong>crochet double, d&rsquo;aspect ancien<\/strong>, 1001 Pat\u00e8res vous propose non seulement cette r\u00e9f\u00e9rence ci-contre, mais aussi d&rsquo;<strong>autres r\u00e9f\u00e9rences<\/strong> comme la <a href=\"https:\/\/1001pateres.com\/produit\/petit-crochet-double-metal-vieilli\/\">m\u00e9tal vieillie<\/a>, le\u00a0<a href=\"https:\/\/1001pateres.com\/produit\/porte-manteau-double-porte-chapeau-rustique\/\">porte chapeau rustique<\/a>, ou encore celle <a href=\"https:\/\/1001pateres.com\/produit\/porte-manteau-volute-double-rustique\/\">\u00e0 volute<\/a>._x000D_n_x000D_n&nbsp;_x000D_n<\/p>\n<h3>Crochet mural rustique double vieilli<\/h3>\n<p>_x000D_nAinsi, ci-contre, cette jolie patere rustique \u00e0 crochet double vieilli est en alliage de <strong>zinc<\/strong>. Elle peut tout autant servir de <strong>porte torchons<\/strong>, de <strong>porte serviettes<\/strong> ou de <strong>porte gants<\/strong>.\u00a0De <strong>couleur bronze,<\/strong>\u00a0avec une forme douce et pratique, cette pat\u00e8re murale\u00a0peut convenir \u00e0 un <strong>int\u00e9rieur authentique et classique<\/strong>._x000D_n_x000D_nNos clients aiment ce crochet mural double fait de jolies <em><strong>volutes<\/strong><\/em> et de deux pat\u00e8res <strong>align\u00e9es horizontalement<\/strong>. Il\u00a0s&rsquo;adapte donc <strong>facilement<\/strong> \u00e0 toute d\u00e9coration int\u00e9rieure et sait se faire <strong>discret<\/strong> mais indispensable._x000D_n_x000D_nC\u00f4t\u00e9 <strong>installation<\/strong>, il comporte un syst\u00e8me\u00a0de fixation au mur incluant ses vis de la m\u00eame couleur. Facile \u00e0 poser, il ne n\u00e9cessite qu&rsquo;un tournevis.\u00a0Voici donc ses <strong>dimensions<\/strong> sp\u00e9cifiques:_x000D_n<\/p>\n<ul>_x000D_n \t<\/p>\n<li>Crochet mural rustique double vieilli: 5,4 cm X 5,3 cm<\/li>\n<p>_x000D_n \t<\/p>\n<li>Ecartement du mur: 2,3 cm<\/li>\n<p>_x000D_n \t<\/p>\n<li>Vis de 1,2 cm<\/li>\n<p>_x000D_n<\/ul>\n<p>_x000D_nContactez nous par t\u00e9l\u00e9phone au <a href=\"tel:0664330371\">06 64 33 03 71<\/a>\u00a0ou via le formulaire de la page Contact pour tout renseignement compl\u00e9mentaire ou pour une demande de commande en d&rsquo;importante quantit\u00e9. Nous pourrons alors vous fournir un devis sur mesure, au meilleur prix.<\/p>\n","protected":false},"excerpt":{"rendered":"<p>Jolie pat\u00e8re en forme de <strong>crochet double<\/strong> avec une finition <em><strong>rustique vieilli<\/strong><\/em> en alliage de zinc. Il peut servir de porte torchon, porte serviette ou de porte gant. Cette pat\u00e8re\u00a0est de couleur bronze avec une forme douce et pratique.<\/p>\n","protected":false},"featured_media":915,"comment_status":"closed","ping_status":"open","template":"","meta":[],"product_cat":[19,21,30,22,17],"product_tag":[25],"class_list":["post-91","product","type-product","status-publish","has-post-thumbnail","hentry","product_cat-collectivite","product_cat-entreprise","product_cat-garage-cellier","product_cat-pro","product_cat-salle-de-bain","product_tag-crochet-patere-patere-design-patere-murale-patere-porte-pateres-porte-manteau-porte-serviette-porte-torchon-vestiaire","description-off"],"_links":{"self":[{"href":"https:\/\/roulettes.vaniseo.top\/index.php\/wp-json\/wp\/v2\/product\/91","targetHints":{"allow":["GET"]}}],"collection":[{"href":"https:\/\/roulettes.vaniseo.top\/index.php\/wp-json\/wp\/v2\/product"}],"about":[{"href":"https:\/\/roulettes.vaniseo.top\/index.php\/wp-json\/wp\/v2\/types\/product"}],"replies":[{"embeddable":true,"href":"https:\/\/roulettes.vaniseo.top\/index.php\/wp-json\/wp\/v2\/comments?post=91"}],"version-history":[{"count":0,"href":"https:\/\/roulettes.vaniseo.top\/index.php\/wp-json\/wp\/v2\/product\/91\/revisions"}],"wp:featuredmedia":[{"embeddable":true,"href":"https:\/\/roulettes.vaniseo.top\/index.php\/wp-json\/wp\/v2\/media\/915"}],"wp:attachment":[{"href":"https:\/\/roulettes.vaniseo.top\/index.php\/wp-json\/wp\/v2\/media?parent=91"}],"wp:term":[{"taxonomy":"product_cat","embeddable":true,"href":"https:\/\/roulettes.vaniseo.top\/index.php\/wp-json\/wp\/v2\/product_cat?post=91"},{"taxonomy":"product_tag","embeddable":true,"href":"https:\/\/roulettes.vaniseo.top\/index.php\/wp-json\/wp\/v2\/product_tag?post=91"}],"curies":[{"name":"wp","href":"https:\/\/api.w.org\/{rel}","templated":true}]}}