{"id":93,"date":"2022-04-04T16:20:14","date_gmt":"2022-04-04T14:20:14","guid":{"rendered":"https:\/\/roulettes.vaniseo.top\/index.php\/produit\/patere-sur-porte-acier-inoxydable\/"},"modified":"2022-04-04T17:11:56","modified_gmt":"2022-04-04T15:11:56","slug":"patere-sur-porte-acier-inoxydable","status":"publish","type":"product","link":"https:\/\/roulettes.vaniseo.top\/index.php\/produit\/patere-sur-porte-acier-inoxydable\/","title":{"rendered":"Pat\u00e8re sur porte acier inoxydable"},"content":{"rendered":"<h4>Pat\u00e8re sur-porte en acier bross\u00e9.<\/h4>\n<p>_x000D_nPorte-manteau\u00a0pat\u00e8re sur porte acier inoxydable\u00a0qui peut servir pour de multiples usages dans la maison ou l&rsquo;entreprise._x000D_n_x000D_nIl se pose sur le haut d&rsquo;une porte de chambre, de dressing, de salle de bain ou de placard pour un maximum de gain de place._x000D_n_x000D_nDe tr\u00e8s belle qualit\u00e9, il sera parfait dans l&rsquo;univers de la salle de bain._x000D_n_x000D_nCompos\u00e9 d&rsquo;un crochet pat\u00e8re, il poss\u00e8de un design moderne qui s&rsquo;adapte aux diff\u00e9rents styles d&rsquo;ambiance._x000D_n_x000D_nIl est tr\u00e8s facile \u00e0 poser et ne n\u00e9cessite aucun outils._x000D_n<\/p>\n<h4>Dimensions :<\/h4>\n<p>_x000D_n<\/p>\n<ul>_x000D_n \t<\/p>\n<li>Hauteur 6 cm<\/li>\n<p>_x000D_n \t<\/p>\n<li>Largeur 2,5 cm<\/li>\n<p>_x000D_n \t<\/p>\n<li>Epaisseur\u00a0de la porte 2,2 cm ou invers\u00e9 4 cm<\/li>\n<p>_x000D_n<\/ul>\n","protected":false},"excerpt":{"rendered":"<p>Beau porte-manteau <strong>pat\u00e8re sur porte<\/strong> <em><strong>acier inoxydable<\/strong><\/em> qui peut servir pour de multiples usages dans la maison ou l&rsquo;entreprise.\u00a0Il se pose sur le haut d&rsquo;une porte de chambre, de dressing, de salle de bain ou de placard pour un maximum de gain de place.<\/p>\n","protected":false},"featured_media":922,"comment_status":"closed","ping_status":"open","template":"","meta":[],"product_cat":[29,16,17,23],"product_tag":[27],"class_list":["post-93","product","type-product","status-publish","has-post-thumbnail","hentry","product_cat-chambre-adulte","product_cat-chambre-enfant","product_cat-salle-de-bain","product_cat-toilette-wc","product_tag-crochet-patere-patere-design-patere-murale-patere-porte-pateres-porte-serviette-porte-torchon-vestiaire","description-off"],"_links":{"self":[{"href":"https:\/\/roulettes.vaniseo.top\/index.php\/wp-json\/wp\/v2\/product\/93","targetHints":{"allow":["GET"]}}],"collection":[{"href":"https:\/\/roulettes.vaniseo.top\/index.php\/wp-json\/wp\/v2\/product"}],"about":[{"href":"https:\/\/roulettes.vaniseo.top\/index.php\/wp-json\/wp\/v2\/types\/product"}],"replies":[{"embeddable":true,"href":"https:\/\/roulettes.vaniseo.top\/index.php\/wp-json\/wp\/v2\/comments?post=93"}],"version-history":[{"count":0,"href":"https:\/\/roulettes.vaniseo.top\/index.php\/wp-json\/wp\/v2\/product\/93\/revisions"}],"wp:featuredmedia":[{"embeddable":true,"href":"https:\/\/roulettes.vaniseo.top\/index.php\/wp-json\/wp\/v2\/media\/922"}],"wp:attachment":[{"href":"https:\/\/roulettes.vaniseo.top\/index.php\/wp-json\/wp\/v2\/media?parent=93"}],"wp:term":[{"taxonomy":"product_cat","embeddable":true,"href":"https:\/\/roulettes.vaniseo.top\/index.php\/wp-json\/wp\/v2\/product_cat?post=93"},{"taxonomy":"product_tag","embeddable":true,"href":"https:\/\/roulettes.vaniseo.top\/index.php\/wp-json\/wp\/v2\/product_tag?post=93"}],"curies":[{"name":"wp","href":"https:\/\/api.w.org\/{rel}","templated":true}]}}