{"id":95,"date":"2022-04-04T16:20:14","date_gmt":"2022-04-04T14:20:14","guid":{"rendered":"https:\/\/roulettes.vaniseo.top\/index.php\/produit\/porte-manteau-8-pateres-mauve-mouchete\/"},"modified":"2022-04-04T17:12:04","modified_gmt":"2022-04-04T15:12:04","slug":"porte-manteau-8-pateres-mauve-mouchete","status":"publish","type":"product","link":"https:\/\/roulettes.vaniseo.top\/index.php\/produit\/porte-manteau-8-pateres-mauve-mouchete\/","title":{"rendered":"Porte-manteau 8 pat\u00e8res mauve mouchet\u00e9"},"content":{"rendered":"<h4>Porte-torchons mauve mouchet\u00e9.<\/h4>\n<p>_x000D_nPorte-manteau\u00a0<strong>8 pat\u00e8res<\/strong> <em><strong>mauve mouchet\u00e9<\/strong> <\/em>en m\u00e9tal plastifi\u00e9 qui peut servir pour de multiples usages dans la maison ou l&rsquo;entreprise._x000D_n_x000D_nIl est simple et pratique et permet un rangement maximum._x000D_n_x000D_nDessin\u00e9 avec un design \u00e9pur\u00e9, il pourra s&rsquo;installer aussi bien dans une chambre, dans une entr\u00e9e, dans la cuisine mais aussi dans la salle de bain ou dans le garage._x000D_n_x000D_nCompos\u00e9 de 8 crochets pat\u00e8res\u00a0avec de petits embouts en plastique mauve pour \u00e9viter d&rsquo;abimer les affaires._x000D_n_x000D_nIl est tr\u00e8s facile \u00e0 poser avec les crochets ou les vis de votre choix._x000D_n<\/p>\n<h4>Dimensions :<\/h4>\n<p>_x000D_n<\/p>\n<ul>_x000D_n \t<\/p>\n<li>Hauteur maxi 5 cm<\/li>\n<p>_x000D_n \t<\/p>\n<li>Largeur 47,3 cm<\/li>\n<p>_x000D_n \t<\/p>\n<li>Ecartement du mur 3,5 cm<\/li>\n<p>_x000D_n<\/ul>\n","protected":false},"excerpt":{"rendered":"<p>Beau <strong>porte-manteau 8 pat\u00e8res<\/strong> <em><strong>mauve mouchet\u00e9<\/strong><\/em> en m\u00e9tal plastifi\u00e9 qui peut servir pour de multiples usages dans la maison ou l&rsquo;entreprise.\u00a0Il est simple et pratique et permet un rangement maximum.\u00a0Il est d&rsquo;un design \u00e9pur\u00e9 et pourra s&rsquo;installer aussi bien dans une chambre, dans une entr\u00e9e, dans la cuisine mais aussi dans la salle de bain ou dans le garage.<\/p>\n","protected":false},"featured_media":934,"comment_status":"closed","ping_status":"open","template":"","meta":[],"product_cat":[20,17],"product_tag":[25],"class_list":["post-95","product","type-product","status-publish","has-post-thumbnail","hentry","product_cat-cuisine","product_cat-salle-de-bain","product_tag-crochet-patere-patere-design-patere-murale-patere-porte-pateres-porte-manteau-porte-serviette-porte-torchon-vestiaire","description-off"],"_links":{"self":[{"href":"https:\/\/roulettes.vaniseo.top\/index.php\/wp-json\/wp\/v2\/product\/95","targetHints":{"allow":["GET"]}}],"collection":[{"href":"https:\/\/roulettes.vaniseo.top\/index.php\/wp-json\/wp\/v2\/product"}],"about":[{"href":"https:\/\/roulettes.vaniseo.top\/index.php\/wp-json\/wp\/v2\/types\/product"}],"replies":[{"embeddable":true,"href":"https:\/\/roulettes.vaniseo.top\/index.php\/wp-json\/wp\/v2\/comments?post=95"}],"version-history":[{"count":0,"href":"https:\/\/roulettes.vaniseo.top\/index.php\/wp-json\/wp\/v2\/product\/95\/revisions"}],"wp:featuredmedia":[{"embeddable":true,"href":"https:\/\/roulettes.vaniseo.top\/index.php\/wp-json\/wp\/v2\/media\/934"}],"wp:attachment":[{"href":"https:\/\/roulettes.vaniseo.top\/index.php\/wp-json\/wp\/v2\/media?parent=95"}],"wp:term":[{"taxonomy":"product_cat","embeddable":true,"href":"https:\/\/roulettes.vaniseo.top\/index.php\/wp-json\/wp\/v2\/product_cat?post=95"},{"taxonomy":"product_tag","embeddable":true,"href":"https:\/\/roulettes.vaniseo.top\/index.php\/wp-json\/wp\/v2\/product_tag?post=95"}],"curies":[{"name":"wp","href":"https:\/\/api.w.org\/{rel}","templated":true}]}}