{"id":96,"date":"2022-04-04T16:20:18","date_gmt":"2022-04-04T14:20:18","guid":{"rendered":"https:\/\/roulettes.vaniseo.top\/index.php\/produit\/patere-ventouse-avec-six-crochets-articules\/"},"modified":"2022-04-04T17:12:09","modified_gmt":"2022-04-04T15:12:09","slug":"patere-ventouse-avec-six-crochets-articules","status":"publish","type":"product","link":"https:\/\/roulettes.vaniseo.top\/index.php\/produit\/patere-ventouse-avec-six-crochets-articules\/","title":{"rendered":"pat\u00e8re ventouse avec six crochets articul\u00e9s"},"content":{"rendered":"<h4>Porte-serviettes salle de bain pieuvre.<\/h4>\n<p>_x000D_n<strong>Pat\u00e8re ventouse<\/strong>\u00a0avec six<em><strong>\u00a0crochets articul\u00e9s<\/strong><\/em> en plastique blanc\u00a0qui peut servir pour de multiples usages dans la cuisine ou la salle de bain._x000D_n_x000D_nElle est simple et pratique et permet un rangement maximum._x000D_n_x000D_nDessin\u00e9e avec un design \u00e9pur\u00e9 et pourra s&rsquo;installer\u00a0sur du carrelage avec son syst\u00e8me de ventouse fonctionnant de fa\u00e7on m\u00e9canique._x000D_n_x000D_nCompos\u00e9e de 6 crochets pat\u00e8res mobiles sur un axe pour ranger les ustensiles de cuisine ou les gants de toilettes dans la salle de bain._x000D_n_x000D_nFacile \u00e0 poser sur une surface lisse type carrelage et ne n\u00e9cessite aucun outils._x000D_n_x000D_nElle permet de supporter des charges jusqu&rsquo;\u00e0 1,5 kg._x000D_n<\/p>\n<h4>Dimensions :<\/h4>\n<p>_x000D_n<\/p>\n<ul>_x000D_n \t<\/p>\n<li>Hauteur 13 cm<\/li>\n<p>_x000D_n \t<\/p>\n<li>Largeur 5,5 cm<\/li>\n<p>_x000D_n \t<\/p>\n<li>Longueur des pat\u00e8res 5\u00a0cm<\/li>\n<p>_x000D_n<\/ul>\n","protected":false},"excerpt":{"rendered":"<p>Belle <strong>pat\u00e8re 6 ventouse<\/strong> <em><strong>en plastique blanc<\/strong><\/em> qui peut servir pour de multiples usages dans la cuisine ou la salle de bain.\u00a0Elle est simple et pratique et permet un rangement maximum.\u00a0Elle est d&rsquo;un design \u00e9pur\u00e9 et pourra s&rsquo;installer sur du carrelage avec son syst\u00e8me de ventouse fonctionnant de fa\u00e7on m\u00e9canique.<\/p>\n","protected":false},"featured_media":936,"comment_status":"closed","ping_status":"open","template":"","meta":[],"product_cat":[20,17],"product_tag":[33],"class_list":["post-96","product","type-product","status-publish","has-post-thumbnail","hentry","product_cat-cuisine","product_cat-salle-de-bain","product_tag-crochet-patere-patere-design-porte-serviette-porte-torchon-vestiaire","description-off"],"_links":{"self":[{"href":"https:\/\/roulettes.vaniseo.top\/index.php\/wp-json\/wp\/v2\/product\/96","targetHints":{"allow":["GET"]}}],"collection":[{"href":"https:\/\/roulettes.vaniseo.top\/index.php\/wp-json\/wp\/v2\/product"}],"about":[{"href":"https:\/\/roulettes.vaniseo.top\/index.php\/wp-json\/wp\/v2\/types\/product"}],"replies":[{"embeddable":true,"href":"https:\/\/roulettes.vaniseo.top\/index.php\/wp-json\/wp\/v2\/comments?post=96"}],"version-history":[{"count":0,"href":"https:\/\/roulettes.vaniseo.top\/index.php\/wp-json\/wp\/v2\/product\/96\/revisions"}],"wp:featuredmedia":[{"embeddable":true,"href":"https:\/\/roulettes.vaniseo.top\/index.php\/wp-json\/wp\/v2\/media\/936"}],"wp:attachment":[{"href":"https:\/\/roulettes.vaniseo.top\/index.php\/wp-json\/wp\/v2\/media?parent=96"}],"wp:term":[{"taxonomy":"product_cat","embeddable":true,"href":"https:\/\/roulettes.vaniseo.top\/index.php\/wp-json\/wp\/v2\/product_cat?post=96"},{"taxonomy":"product_tag","embeddable":true,"href":"https:\/\/roulettes.vaniseo.top\/index.php\/wp-json\/wp\/v2\/product_tag?post=96"}],"curies":[{"name":"wp","href":"https:\/\/api.w.org\/{rel}","templated":true}]}}