{"id":97,"date":"2022-04-04T16:20:18","date_gmt":"2022-04-04T14:20:18","guid":{"rendered":"https:\/\/roulettes.vaniseo.top\/index.php\/produit\/porte-manteau-en-forme-de-vis-autocollantes\/"},"modified":"2022-04-04T17:12:16","modified_gmt":"2022-04-04T15:12:16","slug":"porte-manteau-en-forme-de-vis-autocollantes","status":"publish","type":"product","link":"https:\/\/roulettes.vaniseo.top\/index.php\/produit\/porte-manteau-en-forme-de-vis-autocollantes\/","title":{"rendered":"Porte-manteau en forme de vis autocollantes"},"content":{"rendered":"<h4>Lot de trois porte-serviettes en forme de vis multicolor.<\/h4>\n<p>_x000D_n<strong>Porte-manteau<\/strong> en forme de <em><strong>vis autocollantes<\/strong><\/em>\u00a0id\u00e9ale pour accrocher manteaux, \u00e9charpes, bonnets, serviettes ou torchons._x000D_n_x000D_nEn plastique, ce lot de trois pat\u00e8res se posera partout dans la maison avec l&rsquo;autocollant surpuissant pour permettre un rangement maximum._x000D_n_x000D_nElles sont \u00e0 coller partout o\u00f9 vous en avez besoin._x000D_n_x000D_nCes porte-manteaux\u00a0apporteront une touche de modernit\u00e9\u00a0\u00e0 votre univers et seront particuli\u00e8rement adapt\u00e9s \u00e0 la salle de bain._x000D_n_x000D_nFacile \u00e0 poser, elles ne n\u00e9cessites aucun outils._x000D_n_x000D_nLe prix est\u00a0par lot de 3 de couleur bleu, rose et jaune._x000D_n<\/p>\n<h4>Dimensions :<\/h4>\n<p>_x000D_n<\/p>\n<ul>_x000D_n \t<\/p>\n<li>La pat\u00e8re 6,3\u00a0cm<\/li>\n<p>_x000D_n \t<\/p>\n<li>La base 4,7\u00a0cm<\/li>\n<p>_x000D_n<\/ul>\n","protected":false},"excerpt":{"rendered":"<p>Lot de <strong>3 porte-manteau<\/strong> <em><strong>vis autocollantes<\/strong><\/em> id\u00e9ale pour accrocher manteaux, \u00e9charpes, bonnets, serviettes ou torchons.\u00a0En plastique, ce lot de trois pat\u00e8res se posera partout dans la maison avec l&rsquo;autocollant surpuissant pour permettre un rangement maximum.<\/p>\n","protected":false},"featured_media":939,"comment_status":"closed","ping_status":"open","template":"","meta":[],"product_cat":[20,17],"product_tag":[25],"class_list":["post-97","product","type-product","status-publish","has-post-thumbnail","hentry","product_cat-cuisine","product_cat-salle-de-bain","product_tag-crochet-patere-patere-design-patere-murale-patere-porte-pateres-porte-manteau-porte-serviette-porte-torchon-vestiaire","description-off"],"_links":{"self":[{"href":"https:\/\/roulettes.vaniseo.top\/index.php\/wp-json\/wp\/v2\/product\/97","targetHints":{"allow":["GET"]}}],"collection":[{"href":"https:\/\/roulettes.vaniseo.top\/index.php\/wp-json\/wp\/v2\/product"}],"about":[{"href":"https:\/\/roulettes.vaniseo.top\/index.php\/wp-json\/wp\/v2\/types\/product"}],"replies":[{"embeddable":true,"href":"https:\/\/roulettes.vaniseo.top\/index.php\/wp-json\/wp\/v2\/comments?post=97"}],"version-history":[{"count":0,"href":"https:\/\/roulettes.vaniseo.top\/index.php\/wp-json\/wp\/v2\/product\/97\/revisions"}],"wp:featuredmedia":[{"embeddable":true,"href":"https:\/\/roulettes.vaniseo.top\/index.php\/wp-json\/wp\/v2\/media\/939"}],"wp:attachment":[{"href":"https:\/\/roulettes.vaniseo.top\/index.php\/wp-json\/wp\/v2\/media?parent=97"}],"wp:term":[{"taxonomy":"product_cat","embeddable":true,"href":"https:\/\/roulettes.vaniseo.top\/index.php\/wp-json\/wp\/v2\/product_cat?post=97"},{"taxonomy":"product_tag","embeddable":true,"href":"https:\/\/roulettes.vaniseo.top\/index.php\/wp-json\/wp\/v2\/product_tag?post=97"}],"curies":[{"name":"wp","href":"https:\/\/api.w.org\/{rel}","templated":true}]}}